{"id":1201,"date":"2024-03-12T13:58:46","date_gmt":"2024-03-12T13:58:46","guid":{"rendered":"https:\/\/pureparadise.fr\/index.php\/login\/"},"modified":"2025-01-27T15:15:43","modified_gmt":"2025-01-27T15:15:43","slug":"connexion-au-compte","status":"publish","type":"page","link":"https:\/\/pureparadise.fr\/index.php\/connexion-au-compte\/","title":{"rendered":"Connexion"},"content":{"rendered":"\t\t<div data-elementor-type=\"wp-page\" data-elementor-id=\"1201\" class=\"elementor elementor-1201\" data-elementor-post-type=\"page\">\n\t\t\t\t<div class=\"elementor-element elementor-element-d43167c e-flex e-con-boxed e-con e-parent\" data-id=\"d43167c\" data-element_type=\"container\">\n\t\t\t\t\t<div class=\"e-con-inner\">\n\t\t\t\t<div class=\"elementor-element elementor-element-413d092 elementor-widget elementor-widget-spacer\" data-id=\"413d092\" data-element_type=\"widget\" data-widget_type=\"spacer.default\">\n\t\t\t\t<div class=\"elementor-widget-container\">\n\t\t\t\t\t\t\t<div class=\"elementor-spacer\">\n\t\t\t<div class=\"elementor-spacer-inner\"><\/div>\n\t\t<\/div>\n\t\t\t\t\t\t<\/div>\n\t\t\t\t<\/div>\n\t\t\t\t<div class=\"elementor-element elementor-element-2e87466 elementor-widget elementor-widget-heading\" data-id=\"2e87466\" data-element_type=\"widget\" data-widget_type=\"heading.default\">\n\t\t\t\t<div class=\"elementor-widget-container\">\n\t\t\t\t\t<h2 class=\"elementor-heading-title elementor-size-default\">Se connecter<\/h2>\t\t\t\t<\/div>\n\t\t\t\t<\/div>\n\t\t\t\t<div class=\"elementor-element elementor-element-53bb847 elementor-widget elementor-widget-spacer\" data-id=\"53bb847\" data-element_type=\"widget\" data-widget_type=\"spacer.default\">\n\t\t\t\t<div class=\"elementor-widget-container\">\n\t\t\t\t\t\t\t<div class=\"elementor-spacer\">\n\t\t\t<div class=\"elementor-spacer-inner\"><\/div>\n\t\t<\/div>\n\t\t\t\t\t\t<\/div>\n\t\t\t\t<\/div>\n\t\t\t\t<div class=\"elementor-element elementor-element-64a357b elementor-widget elementor-widget-text-editor\" data-id=\"64a357b\" data-element_type=\"widget\" data-widget_type=\"text-editor.default\">\n\t\t\t\t<div class=\"elementor-widget-container\">\n\t\t\t\t\t\t\t\t\t<p class=\"p1\">Nous sommes heureux de vous retrouver. <br \/>Remplissez les champs suivants pour vous connecter \u00e0 votre compte personnel.<\/p>\t\t\t\t\t\t\t\t<\/div>\n\t\t\t\t<\/div>\n\t\t\t\t<div class=\"elementor-element elementor-element-54d9cda elementor-widget elementor-widget-spacer\" data-id=\"54d9cda\" data-element_type=\"widget\" data-widget_type=\"spacer.default\">\n\t\t\t\t<div class=\"elementor-widget-container\">\n\t\t\t\t\t\t\t<div class=\"elementor-spacer\">\n\t\t\t<div class=\"elementor-spacer-inner\"><\/div>\n\t\t<\/div>\n\t\t\t\t\t\t<\/div>\n\t\t\t\t<\/div>\n\t\t\t\t<div class=\"elementor-element elementor-element-292ab33 elementor-widget-divider--view-line elementor-widget elementor-widget-divider\" data-id=\"292ab33\" data-element_type=\"widget\" data-widget_type=\"divider.default\">\n\t\t\t\t<div class=\"elementor-widget-container\">\n\t\t\t\t\t\t\t<div class=\"elementor-divider\">\n\t\t\t<span class=\"elementor-divider-separator\">\n\t\t\t\t\t\t<\/span>\n\t\t<\/div>\n\t\t\t\t\t\t<\/div>\n\t\t\t\t<\/div>\n\t\t\t\t\t<\/div>\n\t\t\t\t<\/div>\n\t\t<div class=\"elementor-element elementor-element-15921dea e-flex e-con-boxed e-con e-parent\" data-id=\"15921dea\" data-element_type=\"container\">\n\t\t\t\t\t<div class=\"e-con-inner\">\n\t\t\t\t<div class=\"elementor-element elementor-element-9bbc249 elementor-button-align-center elementor-widget elementor-widget-login\" data-id=\"9bbc249\" data-element_type=\"widget\" data-widget_type=\"login.default\">\n\t\t\t\t<div class=\"elementor-widget-container\">\n\t\t\t\t\t\t\t<form class=\"elementor-login elementor-form\" method=\"post\" action=\"https:\/\/pureparadise.fr\/wp-login.php\">\n\t\t\t<input type=\"hidden\" name=\"redirect_to\" value=\"https:\/\/pureparadise.fr\/index.php\/produits\/\">\n\t\t\t<div class=\"elementor-form-fields-wrapper\">\n\t\t\t\t<div class=\"elementor-field-type-text elementor-field-group elementor-column elementor-col-100 elementor-field-required\">\n\t\t\t\t\t<label for=\"user-9bbc249\" class=\"elementor-field-label\">Identifiant ou adresse e-mail<\/label>\n\t\t\t\t\t<input size=\"1\" type=\"text\" name=\"log\" id=\"user-9bbc249\" placeholder=\"\" class=\"elementor-field elementor-field-textual elementor-size-xs\">\n\t\t\t\t<\/div>\n\t\t\t\t<div class=\"elementor-field-type-text elementor-field-group elementor-column elementor-col-100 elementor-field-required\">\n\t\t\t\t\t<label for=\"password-9bbc249\" class=\"elementor-field-label\">Mot de passe<\/label>\n\t\t\t\t\t<input size=\"1\" type=\"password\" name=\"pwd\" id=\"password-9bbc249\" placeholder=\"\" class=\"elementor-field elementor-field-textual elementor-size-xs\">\n\t\t\t\t<\/div>\n\n\t\t\t\t\t\t\t\t\t<div class=\"elementor-field-type-checkbox elementor-field-group elementor-column elementor-col-100 elementor-remember-me\">\n\t\t\t\t\t\t<label for=\"elementor-login-remember-me\">\n\t\t\t\t\t\t\t<input type=\"checkbox\" id=\"elementor-login-remember-me\" name=\"rememberme\" value=\"forever\">\n\t\t\t\t\t\t\tSe souvenir de moi\t\t\t\t\t\t<\/label>\n\t\t\t\t\t<\/div>\n\t\t\t\t\n\t\t\t\t<div class=\"elementor-field-group elementor-column elementor-field-type-submit elementor-col-100\">\n\t\t\t\t\t<button type=\"submit\" class=\"elementor-size-xs elementor-button\" name=\"wp-submit\">\n\t\t\t\t\t\t\t\t\t\t\t\t\t\t\t<span class=\"elementor-button-text\">Connexion<\/span>\n\t\t\t\t\t\t\t\t\t\t\t\t<\/button>\n\t\t\t\t<\/div>\n\n\t\t\t\t\t\t\t\t\t<div class=\"elementor-field-group elementor-column elementor-col-100\">\n\t\t\t\t\t\t\t\t\t\t\t\t\t\t\t\t\t\t\t\t<a class=\"elementor-lost-password\" href=\"https:\/\/pureparadise.fr\/index.php\/mon-compte\/\">\n\t\t\t\t\t\t\t\tMot de passe perdu\u00a0?\t\t\t\t\t\t\t<\/a>\n\t\t\t\t\t\t\n\t\t\t\t\t\t\t\t\t\t\t\t\t\t\t\t\t\t\t\t\t<span class=\"elementor-login-separator\"> | <\/span>\n\t\t\t\t\t\t\t\t\t\t\t\t\t\t\t\t\t\t\t\t\t<a class=\"elementor-register\" href=\"https:\/\/pureparadise.fr\/wp-login.php?action=register\">\n\t\t\t\t\t\t\t\tS\u2019inscrire\t\t\t\t\t\t\t<\/a>\n\t\t\t\t\t\t\t\t\t\t\t<\/div>\n\t\t\t\t\t\t\t<\/div>\n\t\t<\/form>\n\t\t\t\t\t\t<\/div>\n\t\t\t\t<\/div>\n\t\t\t\t<div class=\"elementor-element elementor-element-9e45b5f elementor-widget elementor-widget-spacer\" data-id=\"9e45b5f\" data-element_type=\"widget\" data-widget_type=\"spacer.default\">\n\t\t\t\t<div class=\"elementor-widget-container\">\n\t\t\t\t\t\t\t<div class=\"elementor-spacer\">\n\t\t\t<div class=\"elementor-spacer-inner\"><\/div>\n\t\t<\/div>\n\t\t\t\t\t\t<\/div>\n\t\t\t\t<\/div>\n\t\t\t\t\t<\/div>\n\t\t\t\t<\/div>\n\t\t<div class=\"elementor-element elementor-element-3a786da0 e-flex e-con-boxed e-con e-child\" data-id=\"3a786da0\" data-element_type=\"container\" data-settings=\"{&quot;background_background&quot;:&quot;classic&quot;}\">\n\t\t\t\t\t<div class=\"e-con-inner\">\n\t\t<div class=\"elementor-element elementor-element-12868b71 e-con-full e-flex e-con e-child\" data-id=\"12868b71\" data-element_type=\"container\">\n\t\t\t\t<div class=\"elementor-element elementor-element-20156bbf elementor-widget__width-inherit elementor-widget elementor-widget-heading\" data-id=\"20156bbf\" data-element_type=\"widget\" data-widget_type=\"heading.default\">\n\t\t\t\t<div class=\"elementor-widget-container\">\n\t\t\t\t\t<h2 class=\"elementor-heading-title elementor-size-default\">Livraison<\/h2>\t\t\t\t<\/div>\n\t\t\t\t<\/div>\n\t\t\t\t<div class=\"elementor-element elementor-element-30ef6c7 elementor-widget elementor-widget-text-editor\" data-id=\"30ef6c7\" data-element_type=\"widget\" data-widget_type=\"text-editor.default\">\n\t\t\t\t<div class=\"elementor-widget-container\">\n\t\t\t\t\t\t\t\t\t<p>Recevez vos commandes directement \u00e0 votre domicile<\/p>\t\t\t\t\t\t\t\t<\/div>\n\t\t\t\t<\/div>\n\t\t\t\t<\/div>\n\t\t<div class=\"elementor-element elementor-element-618cdaf7 e-con-full e-flex e-con e-child\" data-id=\"618cdaf7\" data-element_type=\"container\">\n\t\t\t\t<div class=\"elementor-element elementor-element-13c4ce9e elementor-widget__width-inherit elementor-widget elementor-widget-heading\" data-id=\"13c4ce9e\" data-element_type=\"widget\" data-widget_type=\"heading.default\">\n\t\t\t\t<div class=\"elementor-widget-container\">\n\t\t\t\t\t<h2 class=\"elementor-heading-title elementor-size-default\">Expert produits<\/h2>\t\t\t\t<\/div>\n\t\t\t\t<\/div>\n\t\t\t\t<div class=\"elementor-element elementor-element-68f5dd24 elementor-widget elementor-widget-text-editor\" data-id=\"68f5dd24\" data-element_type=\"widget\" data-widget_type=\"text-editor.default\">\n\t\t\t\t<div class=\"elementor-widget-container\">\n\t\t\t\t\t\t\t\t\t<p>Posez nous toutes vos questions sur nos produits <a href=\"mailto:contact@pureparadise.fr\">contact@pureparadise.fr<\/a><\/p>\t\t\t\t\t\t\t\t<\/div>\n\t\t\t\t<\/div>\n\t\t\t\t<\/div>\n\t\t<div class=\"elementor-element elementor-element-15502a21 e-con-full e-flex e-con e-child\" data-id=\"15502a21\" data-element_type=\"container\" data-settings=\"{&quot;background_background&quot;:&quot;classic&quot;}\">\n\t\t\t\t<div class=\"elementor-element elementor-element-cf31b88 elementor-widget__width-inherit elementor-widget elementor-widget-heading\" data-id=\"cf31b88\" data-element_type=\"widget\" data-widget_type=\"heading.default\">\n\t\t\t\t<div class=\"elementor-widget-container\">\n\t\t\t\t\t<h2 class=\"elementor-heading-title elementor-size-default\">Paiement s\u00e9curis\u00e9<\/h2>\t\t\t\t<\/div>\n\t\t\t\t<\/div>\n\t\t\t\t<div class=\"elementor-element elementor-element-44029441 elementor-widget elementor-widget-text-editor\" data-id=\"44029441\" data-element_type=\"widget\" data-widget_type=\"text-editor.default\">\n\t\t\t\t<div class=\"elementor-widget-container\">\n\t\t\t\t\t\t\t\t\t<p>Profitez de nos diff\u00e9rents moyens de paiement, tous s\u00e9curis\u00e9s<\/p>\t\t\t\t\t\t\t\t<\/div>\n\t\t\t\t<\/div>\n\t\t\t\t<\/div>\n\t\t\t\t\t<\/div>\n\t\t\t\t<\/div>\n\t\t\t\t<\/div>\n\t\t","protected":false},"excerpt":{"rendered":"<p>Se connecter Nous sommes heureux de vous retrouver. Remplissez les champs suivants pour vous connecter \u00e0 votre compte personnel. Livraison Recevez vos commandes directement \u00e0 votre domicile Expert produits Posez nous toutes vos questions sur nos produits contact@pureparadise.fr Paiement s\u00e9curis\u00e9 Profitez de nos diff\u00e9rents moyens de paiement, tous s\u00e9curis\u00e9s<\/p>\n","protected":false},"author":1,"featured_media":0,"parent":0,"menu_order":0,"comment_status":"closed","ping_status":"closed","template":"","meta":{"ocean_post_layout":"","ocean_both_sidebars_style":"","ocean_both_sidebars_content_width":0,"ocean_both_sidebars_sidebars_width":0,"ocean_sidebar":"","ocean_second_sidebar":"","ocean_disable_margins":"enable","ocean_add_body_class":"","ocean_shortcode_before_top_bar":"","ocean_shortcode_after_top_bar":"","ocean_shortcode_before_header":"","ocean_shortcode_after_header":"","ocean_has_shortcode":"","ocean_shortcode_after_title":"","ocean_shortcode_before_footer_widgets":"","ocean_shortcode_after_footer_widgets":"","ocean_shortcode_before_footer_bottom":"","ocean_shortcode_after_footer_bottom":"","ocean_display_top_bar":"default","ocean_display_header":"default","ocean_header_style":"","ocean_center_header_left_menu":"","ocean_custom_header_template":"","ocean_custom_logo":0,"ocean_custom_retina_logo":0,"ocean_custom_logo_max_width":0,"ocean_custom_logo_tablet_max_width":0,"ocean_custom_logo_mobile_max_width":0,"ocean_custom_logo_max_height":0,"ocean_custom_logo_tablet_max_height":0,"ocean_custom_logo_mobile_max_height":0,"ocean_header_custom_menu":"","ocean_menu_typo_font_family":"","ocean_menu_typo_font_subset":"","ocean_menu_typo_font_size":0,"ocean_menu_typo_font_size_tablet":0,"ocean_menu_typo_font_size_mobile":0,"ocean_menu_typo_font_size_unit":"px","ocean_menu_typo_font_weight":"","ocean_menu_typo_font_weight_tablet":"","ocean_menu_typo_font_weight_mobile":"","ocean_menu_typo_transform":"","ocean_menu_typo_transform_tablet":"","ocean_menu_typo_transform_mobile":"","ocean_menu_typo_line_height":0,"ocean_menu_typo_line_height_tablet":0,"ocean_menu_typo_line_height_mobile":0,"ocean_menu_typo_line_height_unit":"","ocean_menu_typo_spacing":0,"ocean_menu_typo_spacing_tablet":0,"ocean_menu_typo_spacing_mobile":0,"ocean_menu_typo_spacing_unit":"","ocean_menu_link_color":"","ocean_menu_link_color_hover":"","ocean_menu_link_color_active":"","ocean_menu_link_background":"","ocean_menu_link_hover_background":"","ocean_menu_link_active_background":"","ocean_menu_social_links_bg":"","ocean_menu_social_hover_links_bg":"","ocean_menu_social_links_color":"","ocean_menu_social_hover_links_color":"","ocean_disable_title":"default","ocean_disable_heading":"default","ocean_post_title":"","ocean_post_subheading":"","ocean_post_title_style":"","ocean_post_title_background_color":"","ocean_post_title_background":0,"ocean_post_title_bg_image_position":"","ocean_post_title_bg_image_attachment":"","ocean_post_title_bg_image_repeat":"","ocean_post_title_bg_image_size":"","ocean_post_title_height":0,"ocean_post_title_bg_overlay":0.5,"ocean_post_title_bg_overlay_color":"","ocean_disable_breadcrumbs":"default","ocean_breadcrumbs_color":"","ocean_breadcrumbs_separator_color":"","ocean_breadcrumbs_links_color":"","ocean_breadcrumbs_links_hover_color":"","ocean_display_footer_widgets":"default","ocean_display_footer_bottom":"default","ocean_custom_footer_template":"","ofc_enable_fullscreen":"disable","ofc_fullscreen_speed":0,"ofc_fullscreen_nav":"enable","ofc_fullscreen_nav_pos":"right","ofc_fullscreen_nav_color":"","ofc_fullscreen_nav_tooltip_color":"","ofc_fullscreen_responsive":0,"osp_disable_panel":"default","footnotes":""},"class_list":["post-1201","page","type-page","status-publish","hentry","entry","owp-thumbs-layout-horizontal","owp-btn-normal","owp-tabs-layout-horizontal","has-no-thumbnails","has-product-nav"],"yoast_head":"<!-- This site is optimized with the Yoast SEO plugin v25.0 - https:\/\/yoast.com\/wordpress\/plugins\/seo\/ -->\n<title>Connexion \u00e0 mon compte - Pure Paradise<\/title>\n<meta name=\"description\" content=\"se connecter \u00e0 votre compte Pure Paradise pour acc\u00e9der \u00e0 vos commandes, suivre vos achats et profiter d&#039;une exp\u00e9rience personnalis\u00e9e.\" \/>\n<meta name=\"robots\" content=\"index, follow, max-snippet:-1, max-image-preview:large, max-video-preview:-1\" \/>\n<link rel=\"canonical\" href=\"https:\/\/pureparadise.fr\/index.php\/connexion-au-compte\/\" \/>\n<meta property=\"og:locale\" content=\"fr_FR\" \/>\n<meta property=\"og:type\" content=\"article\" \/>\n<meta property=\"og:title\" content=\"Connexion \u00e0 mon compte - Pure Paradise\" \/>\n<meta property=\"og:description\" content=\"se connecter \u00e0 votre compte Pure Paradise pour acc\u00e9der \u00e0 vos commandes, suivre vos achats et profiter d&#039;une exp\u00e9rience personnalis\u00e9e.\" \/>\n<meta property=\"og:url\" content=\"https:\/\/pureparadise.fr\/index.php\/connexion-au-compte\/\" \/>\n<meta property=\"og:site_name\" content=\"Pure Paradise\" \/>\n<meta property=\"article:modified_time\" content=\"2025-01-27T15:15:43+00:00\" \/>\n<meta property=\"og:image\" content=\"https:\/\/i0.wp.com\/pureparadise.fr\/wp-content\/uploads\/2024\/10\/Purepara.webp?fit=1920%2C1080&ssl=1\" \/>\n\t<meta property=\"og:image:width\" content=\"1920\" \/>\n\t<meta property=\"og:image:height\" content=\"1080\" \/>\n\t<meta property=\"og:image:type\" content=\"image\/webp\" \/>\n<meta name=\"twitter:card\" content=\"summary_large_image\" \/>\n<meta name=\"twitter:label1\" content=\"Dur\u00e9e de lecture estim\u00e9e\" \/>\n\t<meta name=\"twitter:data1\" content=\"1 minute\" \/>\n<script type=\"application\/ld+json\" class=\"yoast-schema-graph\">{\"@context\":\"https:\/\/schema.org\",\"@graph\":[{\"@type\":\"WebPage\",\"@id\":\"https:\/\/pureparadise.fr\/index.php\/connexion-au-compte\/\",\"url\":\"https:\/\/pureparadise.fr\/index.php\/connexion-au-compte\/\",\"name\":\"Connexion \u00e0 mon compte - Pure Paradise\",\"isPartOf\":{\"@id\":\"https:\/\/pureparadise.fr\/#website\"},\"datePublished\":\"2024-03-12T13:58:46+00:00\",\"dateModified\":\"2025-01-27T15:15:43+00:00\",\"description\":\"se connecter \u00e0 votre compte Pure Paradise pour acc\u00e9der \u00e0 vos commandes, suivre vos achats et profiter d'une exp\u00e9rience personnalis\u00e9e.\",\"breadcrumb\":{\"@id\":\"https:\/\/pureparadise.fr\/index.php\/connexion-au-compte\/#breadcrumb\"},\"inLanguage\":\"fr-FR\",\"potentialAction\":[{\"@type\":\"ReadAction\",\"target\":[\"https:\/\/pureparadise.fr\/index.php\/connexion-au-compte\/\"]}]},{\"@type\":\"BreadcrumbList\",\"@id\":\"https:\/\/pureparadise.fr\/index.php\/connexion-au-compte\/#breadcrumb\",\"itemListElement\":[{\"@type\":\"ListItem\",\"position\":1,\"name\":\"Accueil\",\"item\":\"https:\/\/pureparadise.fr\/\"},{\"@type\":\"ListItem\",\"position\":2,\"name\":\"Connexion\"}]},{\"@type\":\"WebSite\",\"@id\":\"https:\/\/pureparadise.fr\/#website\",\"url\":\"https:\/\/pureparadise.fr\/\",\"name\":\"Pureparadise\",\"description\":\"D\u00e9couvrez votre alli\u00e9 pour vous reconnecter. Des produits con\u00e7us pour am\u00e9liorer l&#039;humeur, l&#039;\u00e9nergie et la s\u00e9r\u00e9nit\u00e9.\",\"publisher\":{\"@id\":\"https:\/\/pureparadise.fr\/#organization\"},\"potentialAction\":[{\"@type\":\"SearchAction\",\"target\":{\"@type\":\"EntryPoint\",\"urlTemplate\":\"https:\/\/pureparadise.fr\/?s={search_term_string}\"},\"query-input\":{\"@type\":\"PropertyValueSpecification\",\"valueRequired\":true,\"valueName\":\"search_term_string\"}}],\"inLanguage\":\"fr-FR\"},{\"@type\":\"Organization\",\"@id\":\"https:\/\/pureparadise.fr\/#organization\",\"name\":\"Pureparadise\",\"url\":\"https:\/\/pureparadise.fr\/\",\"logo\":{\"@type\":\"ImageObject\",\"inLanguage\":\"fr-FR\",\"@id\":\"https:\/\/pureparadise.fr\/#\/schema\/logo\/image\/\",\"url\":\"https:\/\/i0.wp.com\/pureparadise.fr\/wp-content\/uploads\/2024\/05\/NEW-PP-LOGO.jpg?fit=2084%2C2084&ssl=1\",\"contentUrl\":\"https:\/\/i0.wp.com\/pureparadise.fr\/wp-content\/uploads\/2024\/05\/NEW-PP-LOGO.jpg?fit=2084%2C2084&ssl=1\",\"width\":2084,\"height\":2084,\"caption\":\"Pureparadise\"},\"image\":{\"@id\":\"https:\/\/pureparadise.fr\/#\/schema\/logo\/image\/\"},\"sameAs\":[\"https:\/\/www.instagram.com\/pure_paradise_official\/\"]}]}<\/script>\n<!-- \/ Yoast SEO plugin. -->","yoast_head_json":{"title":"Connexion \u00e0 mon compte - Pure Paradise","description":"se connecter \u00e0 votre compte Pure Paradise pour acc\u00e9der \u00e0 vos commandes, suivre vos achats et profiter d'une exp\u00e9rience personnalis\u00e9e.","robots":{"index":"index","follow":"follow","max-snippet":"max-snippet:-1","max-image-preview":"max-image-preview:large","max-video-preview":"max-video-preview:-1"},"canonical":"https:\/\/pureparadise.fr\/index.php\/connexion-au-compte\/","og_locale":"fr_FR","og_type":"article","og_title":"Connexion \u00e0 mon compte - Pure Paradise","og_description":"se connecter \u00e0 votre compte Pure Paradise pour acc\u00e9der \u00e0 vos commandes, suivre vos achats et profiter d'une exp\u00e9rience personnalis\u00e9e.","og_url":"https:\/\/pureparadise.fr\/index.php\/connexion-au-compte\/","og_site_name":"Pure Paradise","article_modified_time":"2025-01-27T15:15:43+00:00","og_image":[{"width":1920,"height":1080,"url":"https:\/\/i0.wp.com\/pureparadise.fr\/wp-content\/uploads\/2024\/10\/Purepara.webp?fit=1920%2C1080&ssl=1","type":"image\/webp"}],"twitter_card":"summary_large_image","twitter_misc":{"Dur\u00e9e de lecture estim\u00e9e":"1 minute"},"schema":{"@context":"https:\/\/schema.org","@graph":[{"@type":"WebPage","@id":"https:\/\/pureparadise.fr\/index.php\/connexion-au-compte\/","url":"https:\/\/pureparadise.fr\/index.php\/connexion-au-compte\/","name":"Connexion \u00e0 mon compte - Pure Paradise","isPartOf":{"@id":"https:\/\/pureparadise.fr\/#website"},"datePublished":"2024-03-12T13:58:46+00:00","dateModified":"2025-01-27T15:15:43+00:00","description":"se connecter \u00e0 votre compte Pure Paradise pour acc\u00e9der \u00e0 vos commandes, suivre vos achats et profiter d'une exp\u00e9rience personnalis\u00e9e.","breadcrumb":{"@id":"https:\/\/pureparadise.fr\/index.php\/connexion-au-compte\/#breadcrumb"},"inLanguage":"fr-FR","potentialAction":[{"@type":"ReadAction","target":["https:\/\/pureparadise.fr\/index.php\/connexion-au-compte\/"]}]},{"@type":"BreadcrumbList","@id":"https:\/\/pureparadise.fr\/index.php\/connexion-au-compte\/#breadcrumb","itemListElement":[{"@type":"ListItem","position":1,"name":"Accueil","item":"https:\/\/pureparadise.fr\/"},{"@type":"ListItem","position":2,"name":"Connexion"}]},{"@type":"WebSite","@id":"https:\/\/pureparadise.fr\/#website","url":"https:\/\/pureparadise.fr\/","name":"Pureparadise","description":"D\u00e9couvrez votre alli\u00e9 pour vous reconnecter. Des produits con\u00e7us pour am\u00e9liorer l&#039;humeur, l&#039;\u00e9nergie et la s\u00e9r\u00e9nit\u00e9.","publisher":{"@id":"https:\/\/pureparadise.fr\/#organization"},"potentialAction":[{"@type":"SearchAction","target":{"@type":"EntryPoint","urlTemplate":"https:\/\/pureparadise.fr\/?s={search_term_string}"},"query-input":{"@type":"PropertyValueSpecification","valueRequired":true,"valueName":"search_term_string"}}],"inLanguage":"fr-FR"},{"@type":"Organization","@id":"https:\/\/pureparadise.fr\/#organization","name":"Pureparadise","url":"https:\/\/pureparadise.fr\/","logo":{"@type":"ImageObject","inLanguage":"fr-FR","@id":"https:\/\/pureparadise.fr\/#\/schema\/logo\/image\/","url":"https:\/\/i0.wp.com\/pureparadise.fr\/wp-content\/uploads\/2024\/05\/NEW-PP-LOGO.jpg?fit=2084%2C2084&ssl=1","contentUrl":"https:\/\/i0.wp.com\/pureparadise.fr\/wp-content\/uploads\/2024\/05\/NEW-PP-LOGO.jpg?fit=2084%2C2084&ssl=1","width":2084,"height":2084,"caption":"Pureparadise"},"image":{"@id":"https:\/\/pureparadise.fr\/#\/schema\/logo\/image\/"},"sameAs":["https:\/\/www.instagram.com\/pure_paradise_official\/"]}]}},"jetpack_sharing_enabled":true,"_links":{"self":[{"href":"https:\/\/pureparadise.fr\/index.php\/wp-json\/wp\/v2\/pages\/1201","targetHints":{"allow":["GET"]}}],"collection":[{"href":"https:\/\/pureparadise.fr\/index.php\/wp-json\/wp\/v2\/pages"}],"about":[{"href":"https:\/\/pureparadise.fr\/index.php\/wp-json\/wp\/v2\/types\/page"}],"author":[{"embeddable":true,"href":"https:\/\/pureparadise.fr\/index.php\/wp-json\/wp\/v2\/users\/1"}],"replies":[{"embeddable":true,"href":"https:\/\/pureparadise.fr\/index.php\/wp-json\/wp\/v2\/comments?post=1201"}],"version-history":[{"count":29,"href":"https:\/\/pureparadise.fr\/index.php\/wp-json\/wp\/v2\/pages\/1201\/revisions"}],"predecessor-version":[{"id":4313,"href":"https:\/\/pureparadise.fr\/index.php\/wp-json\/wp\/v2\/pages\/1201\/revisions\/4313"}],"wp:attachment":[{"href":"https:\/\/pureparadise.fr\/index.php\/wp-json\/wp\/v2\/media?parent=1201"}],"curies":[{"name":"wp","href":"https:\/\/api.w.org\/{rel}","templated":true}]}}