{"id":3321,"date":"2024-12-04T10:48:00","date_gmt":"2024-12-04T10:48:00","guid":{"rendered":"https:\/\/pureparadise.fr\/?page_id=3321"},"modified":"2025-01-16T09:17:29","modified_gmt":"2025-01-16T09:17:29","slug":"nos-revendeurs","status":"publish","type":"page","link":"https:\/\/pureparadise.fr\/index.php\/nos-revendeurs\/","title":{"rendered":"Revendeurs"},"content":{"rendered":"\t\t<div data-elementor-type=\"wp-page\" data-elementor-id=\"3321\" class=\"elementor elementor-3321\" data-elementor-post-type=\"page\">\n\t\t\t\t<div class=\"elementor-element elementor-element-44d59ad e-flex e-con-boxed e-con e-parent\" data-id=\"44d59ad\" data-element_type=\"container\">\n\t\t\t\t\t<div class=\"e-con-inner\">\n\t\t\t\t<div class=\"elementor-element elementor-element-c5848e2 elementor-widget elementor-widget-spacer\" data-id=\"c5848e2\" data-element_type=\"widget\" data-widget_type=\"spacer.default\">\n\t\t\t\t<div class=\"elementor-widget-container\">\n\t\t\t\t\t\t\t<div class=\"elementor-spacer\">\n\t\t\t<div class=\"elementor-spacer-inner\"><\/div>\n\t\t<\/div>\n\t\t\t\t\t\t<\/div>\n\t\t\t\t<\/div>\n\t\t\t\t<div class=\"elementor-element elementor-element-cee2bb9 elementor-widget elementor-widget-heading\" data-id=\"cee2bb9\" data-element_type=\"widget\" data-widget_type=\"heading.default\">\n\t\t\t\t<div class=\"elementor-widget-container\">\n\t\t\t\t\t<h2 class=\"elementor-heading-title elementor-size-default\">revendeurs<\/h2>\t\t\t\t<\/div>\n\t\t\t\t<\/div>\n\t\t\t\t<div class=\"elementor-element elementor-element-6ac134c elementor-widget elementor-widget-spacer\" data-id=\"6ac134c\" data-element_type=\"widget\" data-widget_type=\"spacer.default\">\n\t\t\t\t<div class=\"elementor-widget-container\">\n\t\t\t\t\t\t\t<div class=\"elementor-spacer\">\n\t\t\t<div class=\"elementor-spacer-inner\"><\/div>\n\t\t<\/div>\n\t\t\t\t\t\t<\/div>\n\t\t\t\t<\/div>\n\t\t\t\t<div class=\"elementor-element elementor-element-41e8a3c elementor-widget-divider--view-line elementor-widget elementor-widget-divider\" data-id=\"41e8a3c\" data-element_type=\"widget\" data-widget_type=\"divider.default\">\n\t\t\t\t<div class=\"elementor-widget-container\">\n\t\t\t\t\t\t\t<div class=\"elementor-divider\">\n\t\t\t<span class=\"elementor-divider-separator\">\n\t\t\t\t\t\t<\/span>\n\t\t<\/div>\n\t\t\t\t\t\t<\/div>\n\t\t\t\t<\/div>\n\t\t\t\t\t<\/div>\n\t\t\t\t<\/div>\n\t\t<div class=\"elementor-element elementor-element-9f57a46 e-flex e-con-boxed e-con e-parent\" data-id=\"9f57a46\" data-element_type=\"container\">\n\t\t\t\t\t<div class=\"e-con-inner\">\n\t\t<div class=\"elementor-element elementor-element-4ec0db8 e-con-full e-flex e-con e-child\" data-id=\"4ec0db8\" data-element_type=\"container\">\n\t\t\t\t<div class=\"elementor-element elementor-element-11c43b6 elementor-widget elementor-widget-heading\" data-id=\"11c43b6\" data-element_type=\"widget\" data-widget_type=\"heading.default\">\n\t\t\t\t<div class=\"elementor-widget-container\">\n\t\t\t\t\t<h2 class=\"elementor-heading-title elementor-size-default\">Trouvez le revendeur le plus proche de chez vous<\/h2>\t\t\t\t<\/div>\n\t\t\t\t<\/div>\n\t\t\t\t<div class=\"elementor-element elementor-element-81bf12d elementor-widget elementor-widget-html\" data-id=\"81bf12d\" data-element_type=\"widget\" data-widget_type=\"html.default\">\n\t\t\t\t<div class=\"elementor-widget-container\">\n\t\t\t\t\t<iframe src=\"https:\/\/www.google.com\/maps\/d\/embed?mid=1JwTDb5E9Nv8FZ4p8LfyQN88BqDwhkdo&ehbc=2E312F&noprof=1\" width=\"400\" height=\"400\"><\/iframe>\t\t\t\t<\/div>\n\t\t\t\t<\/div>\n\t\t\t\t<\/div>\n\t\t\t\t\t<\/div>\n\t\t\t\t<\/div>\n\t\t<div class=\"elementor-element elementor-element-5104121 e-flex e-con-boxed e-con e-parent\" data-id=\"5104121\" data-element_type=\"container\">\n\t\t\t\t\t<div class=\"e-con-inner\">\n\t\t<div class=\"elementor-element elementor-element-b1301b9 e-flex e-con-boxed e-con e-child\" data-id=\"b1301b9\" data-element_type=\"container\" data-settings=\"{&quot;background_background&quot;:&quot;classic&quot;}\">\n\t\t\t\t\t<div class=\"e-con-inner\">\n\t\t<div class=\"elementor-element elementor-element-20b38fd e-con-full e-flex e-con e-child\" data-id=\"20b38fd\" data-element_type=\"container\" data-settings=\"{&quot;background_background&quot;:&quot;classic&quot;}\">\n\t\t\t\t<div class=\"elementor-element elementor-element-4a01781 elementor-widget elementor-widget-heading\" data-id=\"4a01781\" data-element_type=\"widget\" data-widget_type=\"heading.default\">\n\t\t\t\t<div class=\"elementor-widget-container\">\n\t\t\t\t\t<h2 class=\"elementor-heading-title elementor-size-default\">Vous \u00eates professionnel dans la sant\u00e9 ou la pharmacie et vous souhaitez en savoir plus sur nos produits ? <\/h2>\t\t\t\t<\/div>\n\t\t\t\t<\/div>\n\t\t\t\t<div class=\"elementor-element elementor-element-010c7f4 elementor-mobile-button-align-stretch elementor-button-align-stretch elementor-widget elementor-widget-form\" data-id=\"010c7f4\" data-element_type=\"widget\" data-settings=\"{&quot;button_width&quot;:&quot;20&quot;,&quot;step_next_label&quot;:&quot;Suivant&quot;,&quot;step_previous_label&quot;:&quot;Pr\\u00e9c\\u00e9dent&quot;,&quot;button_width_mobile&quot;:&quot;40&quot;,&quot;step_type&quot;:&quot;number_text&quot;,&quot;step_icon_shape&quot;:&quot;circle&quot;}\" data-widget_type=\"form.default\">\n\t\t\t\t<div class=\"elementor-widget-container\">\n\t\t\t\t\t\t\t<form class=\"elementor-form\" method=\"post\" name=\"Nouveau formulaire\">\n\t\t\t<input type=\"hidden\" name=\"post_id\" value=\"3321\"\/>\n\t\t\t<input type=\"hidden\" name=\"form_id\" value=\"010c7f4\"\/>\n\t\t\t<input type=\"hidden\" name=\"referer_title\" value=\"Pure Paradise\" \/>\n\n\t\t\t\n\t\t\t<div class=\"elementor-form-fields-wrapper elementor-labels-above\">\n\t\t\t\t\t\t\t\t<div class=\"elementor-field-type-text elementor-field-group elementor-column elementor-field-group-name elementor-col-50 elementor-field-required elementor-mark-required\">\n\t\t\t\t\t\t\t\t\t\t\t\t<label for=\"form-field-name\" class=\"elementor-field-label\">\n\t\t\t\t\t\t\t\tNom\t\t\t\t\t\t\t<\/label>\n\t\t\t\t\t\t\t\t\t\t\t\t\t\t<input size=\"1\" type=\"text\" name=\"form_fields[name]\" id=\"form-field-name\" class=\"elementor-field elementor-size-xs  elementor-field-textual\" placeholder=\"Nom\" required=\"required\">\n\t\t\t\t\t\t\t\t\t\t\t<\/div>\n\t\t\t\t\t\t\t\t<div class=\"elementor-field-type-text elementor-field-group elementor-column elementor-field-group-name elementor-col-50\">\n\t\t\t\t\t\t\t\t\t\t\t\t<label for=\"form-field-name\" class=\"elementor-field-label\">\n\t\t\t\t\t\t\t\tPr\u00e9nom\t\t\t\t\t\t\t<\/label>\n\t\t\t\t\t\t\t\t\t\t\t\t\t\t<input size=\"1\" type=\"text\" name=\"form_fields[name]\" id=\"form-field-name\" class=\"elementor-field elementor-size-xs  elementor-field-textual\" placeholder=\"Pr\u00e9nom\">\n\t\t\t\t\t\t\t\t\t\t\t<\/div>\n\t\t\t\t\t\t\t\t<div class=\"elementor-field-type-text elementor-field-group elementor-column elementor-field-group-company elementor-col-100\">\n\t\t\t\t\t\t\t\t\t\t\t\t<label for=\"form-field-company\" class=\"elementor-field-label\">\n\t\t\t\t\t\t\t\tNom de l'\u00e9tablissement\t\t\t\t\t\t\t<\/label>\n\t\t\t\t\t\t\t\t\t\t\t\t\t\t<input size=\"1\" type=\"text\" name=\"form_fields[company]\" id=\"form-field-company\" class=\"elementor-field elementor-size-xs  elementor-field-textual\" placeholder=\"Nom de l&#039;\u00e9tablissement\">\n\t\t\t\t\t\t\t\t\t\t\t<\/div>\n\t\t\t\t\t\t\t\t<div class=\"elementor-field-type-email elementor-field-group elementor-column elementor-field-group-email elementor-col-100 elementor-field-required elementor-mark-required\">\n\t\t\t\t\t\t\t\t\t\t\t\t<label for=\"form-field-email\" class=\"elementor-field-label\">\n\t\t\t\t\t\t\t\tE-mail\t\t\t\t\t\t\t<\/label>\n\t\t\t\t\t\t\t\t\t\t\t\t\t\t<input size=\"1\" type=\"email\" name=\"form_fields[email]\" id=\"form-field-email\" class=\"elementor-field elementor-size-xs  elementor-field-textual\" placeholder=\"E-mail\" required=\"required\">\n\t\t\t\t\t\t\t\t\t\t\t<\/div>\n\t\t\t\t\t\t\t\t<div class=\"elementor-field-type-textarea elementor-field-group elementor-column elementor-field-group-message elementor-col-100\">\n\t\t\t\t\t\t\t\t\t\t\t\t<label for=\"form-field-message\" class=\"elementor-field-label\">\n\t\t\t\t\t\t\t\tMessage\t\t\t\t\t\t\t<\/label>\n\t\t\t\t\t\t<textarea class=\"elementor-field-textual elementor-field  elementor-size-xs\" name=\"form_fields[message]\" id=\"form-field-message\" rows=\"4\" placeholder=\"Message\"><\/textarea>\t\t\t\t<\/div>\n\t\t\t\t\t\t\t\t<div class=\"elementor-field-group elementor-column elementor-field-type-submit elementor-col-20 e-form__buttons elementor-sm-40\">\n\t\t\t\t\t<button class=\"elementor-button elementor-size-xs\" type=\"submit\">\n\t\t\t\t\t\t<span class=\"elementor-button-content-wrapper\">\n\t\t\t\t\t\t\t\t\t\t\t\t\t\t\t\t\t\t\t\t\t\t<span class=\"elementor-button-text\">Envoyer<\/span>\n\t\t\t\t\t\t\t\t\t\t\t\t\t<\/span>\n\t\t\t\t\t<\/button>\n\t\t\t\t<\/div>\n\t\t\t<\/div>\n\t\t<\/form>\n\t\t\t\t\t\t<\/div>\n\t\t\t\t<\/div>\n\t\t\t\t<\/div>\n\t\t\t\t\t<\/div>\n\t\t\t\t<\/div>\n\t\t\t\t<div class=\"elementor-element elementor-element-a3afb2b elementor-widget elementor-widget-spacer\" data-id=\"a3afb2b\" data-element_type=\"widget\" data-widget_type=\"spacer.default\">\n\t\t\t\t<div class=\"elementor-widget-container\">\n\t\t\t\t\t\t\t<div class=\"elementor-spacer\">\n\t\t\t<div class=\"elementor-spacer-inner\"><\/div>\n\t\t<\/div>\n\t\t\t\t\t\t<\/div>\n\t\t\t\t<\/div>\n\t\t\t\t\t<\/div>\n\t\t\t\t<\/div>\n\t\t\t\t<\/div>\n\t\t","protected":false},"excerpt":{"rendered":"<p>revendeurs Trouvez le revendeur le plus proche de chez vous Vous \u00eates professionnel dans la sant\u00e9 ou la pharmacie et vous souhaitez en savoir plus sur nos produits ?<\/p>\n","protected":false},"author":1,"featured_media":0,"parent":0,"menu_order":0,"comment_status":"closed","ping_status":"closed","template":"","meta":{"ocean_post_layout":"","ocean_both_sidebars_style":"","ocean_both_sidebars_content_width":0,"ocean_both_sidebars_sidebars_width":0,"ocean_sidebar":"","ocean_second_sidebar":"","ocean_disable_margins":"enable","ocean_add_body_class":"","ocean_shortcode_before_top_bar":"","ocean_shortcode_after_top_bar":"","ocean_shortcode_before_header":"","ocean_shortcode_after_header":"","ocean_has_shortcode":"","ocean_shortcode_after_title":"","ocean_shortcode_before_footer_widgets":"","ocean_shortcode_after_footer_widgets":"","ocean_shortcode_before_footer_bottom":"","ocean_shortcode_after_footer_bottom":"","ocean_display_top_bar":"default","ocean_display_header":"default","ocean_header_style":"","ocean_center_header_left_menu":"","ocean_custom_header_template":"","ocean_custom_logo":0,"ocean_custom_retina_logo":0,"ocean_custom_logo_max_width":0,"ocean_custom_logo_tablet_max_width":0,"ocean_custom_logo_mobile_max_width":0,"ocean_custom_logo_max_height":0,"ocean_custom_logo_tablet_max_height":0,"ocean_custom_logo_mobile_max_height":0,"ocean_header_custom_menu":"","ocean_menu_typo_font_family":"","ocean_menu_typo_font_subset":"","ocean_menu_typo_font_size":0,"ocean_menu_typo_font_size_tablet":0,"ocean_menu_typo_font_size_mobile":0,"ocean_menu_typo_font_size_unit":"px","ocean_menu_typo_font_weight":"","ocean_menu_typo_font_weight_tablet":"","ocean_menu_typo_font_weight_mobile":"","ocean_menu_typo_transform":"","ocean_menu_typo_transform_tablet":"","ocean_menu_typo_transform_mobile":"","ocean_menu_typo_line_height":0,"ocean_menu_typo_line_height_tablet":0,"ocean_menu_typo_line_height_mobile":0,"ocean_menu_typo_line_height_unit":"","ocean_menu_typo_spacing":0,"ocean_menu_typo_spacing_tablet":0,"ocean_menu_typo_spacing_mobile":0,"ocean_menu_typo_spacing_unit":"","ocean_menu_link_color":"","ocean_menu_link_color_hover":"","ocean_menu_link_color_active":"","ocean_menu_link_background":"","ocean_menu_link_hover_background":"","ocean_menu_link_active_background":"","ocean_menu_social_links_bg":"","ocean_menu_social_hover_links_bg":"","ocean_menu_social_links_color":"","ocean_menu_social_hover_links_color":"","ocean_disable_title":"default","ocean_disable_heading":"default","ocean_post_title":"","ocean_post_subheading":"","ocean_post_title_style":"","ocean_post_title_background_color":"","ocean_post_title_background":0,"ocean_post_title_bg_image_position":"","ocean_post_title_bg_image_attachment":"","ocean_post_title_bg_image_repeat":"","ocean_post_title_bg_image_size":"","ocean_post_title_height":0,"ocean_post_title_bg_overlay":0.5,"ocean_post_title_bg_overlay_color":"","ocean_disable_breadcrumbs":"default","ocean_breadcrumbs_color":"","ocean_breadcrumbs_separator_color":"","ocean_breadcrumbs_links_color":"","ocean_breadcrumbs_links_hover_color":"","ocean_display_footer_widgets":"default","ocean_display_footer_bottom":"default","ocean_custom_footer_template":"","ofc_enable_fullscreen":"disable","ofc_fullscreen_speed":0,"ofc_fullscreen_nav":"enable","ofc_fullscreen_nav_pos":"right","ofc_fullscreen_nav_color":"","ofc_fullscreen_nav_tooltip_color":"","ofc_fullscreen_responsive":0,"osp_disable_panel":"default","footnotes":""},"class_list":["post-3321","page","type-page","status-publish","hentry","entry","owp-thumbs-layout-horizontal","owp-btn-normal","owp-tabs-layout-horizontal","has-no-thumbnails","has-product-nav"],"yoast_head":"<!-- This site is optimized with the Yoast SEO plugin v25.0 - https:\/\/yoast.com\/wordpress\/plugins\/seo\/ -->\n<title>Revendeurs - Pure Paradise<\/title>\n<meta name=\"robots\" content=\"index, follow, max-snippet:-1, max-image-preview:large, max-video-preview:-1\" \/>\n<link rel=\"canonical\" href=\"https:\/\/pureparadise.fr\/index.php\/nos-revendeurs\/\" \/>\n<meta property=\"og:locale\" content=\"fr_FR\" \/>\n<meta property=\"og:type\" content=\"article\" \/>\n<meta property=\"og:title\" content=\"Revendeurs - Pure Paradise\" \/>\n<meta property=\"og:description\" content=\"revendeurs Trouvez le revendeur le plus proche de chez vous Vous \u00eates professionnel dans la sant\u00e9 ou la pharmacie et vous souhaitez en savoir plus sur nos produits ?\" \/>\n<meta property=\"og:url\" content=\"https:\/\/pureparadise.fr\/index.php\/nos-revendeurs\/\" \/>\n<meta property=\"og:site_name\" content=\"Pure Paradise\" \/>\n<meta property=\"article:modified_time\" content=\"2025-01-16T09:17:29+00:00\" \/>\n<meta property=\"og:image\" content=\"https:\/\/i0.wp.com\/pureparadise.fr\/wp-content\/uploads\/2024\/10\/Purepara.webp?fit=1920%2C1080&ssl=1\" \/>\n\t<meta property=\"og:image:width\" content=\"1920\" \/>\n\t<meta property=\"og:image:height\" content=\"1080\" \/>\n\t<meta property=\"og:image:type\" content=\"image\/webp\" \/>\n<meta name=\"twitter:card\" content=\"summary_large_image\" \/>\n<meta name=\"twitter:label1\" content=\"Dur\u00e9e de lecture estim\u00e9e\" \/>\n\t<meta name=\"twitter:data1\" content=\"1 minute\" \/>\n<script type=\"application\/ld+json\" class=\"yoast-schema-graph\">{\"@context\":\"https:\/\/schema.org\",\"@graph\":[{\"@type\":\"WebPage\",\"@id\":\"https:\/\/pureparadise.fr\/index.php\/nos-revendeurs\/\",\"url\":\"https:\/\/pureparadise.fr\/index.php\/nos-revendeurs\/\",\"name\":\"Revendeurs - Pure Paradise\",\"isPartOf\":{\"@id\":\"https:\/\/pureparadise.fr\/#website\"},\"datePublished\":\"2024-12-04T10:48:00+00:00\",\"dateModified\":\"2025-01-16T09:17:29+00:00\",\"breadcrumb\":{\"@id\":\"https:\/\/pureparadise.fr\/index.php\/nos-revendeurs\/#breadcrumb\"},\"inLanguage\":\"fr-FR\",\"potentialAction\":[{\"@type\":\"ReadAction\",\"target\":[\"https:\/\/pureparadise.fr\/index.php\/nos-revendeurs\/\"]}]},{\"@type\":\"BreadcrumbList\",\"@id\":\"https:\/\/pureparadise.fr\/index.php\/nos-revendeurs\/#breadcrumb\",\"itemListElement\":[{\"@type\":\"ListItem\",\"position\":1,\"name\":\"Accueil\",\"item\":\"https:\/\/pureparadise.fr\/\"},{\"@type\":\"ListItem\",\"position\":2,\"name\":\"Revendeurs\"}]},{\"@type\":\"WebSite\",\"@id\":\"https:\/\/pureparadise.fr\/#website\",\"url\":\"https:\/\/pureparadise.fr\/\",\"name\":\"Pureparadise\",\"description\":\"D\u00e9couvrez votre alli\u00e9 pour vous reconnecter. Des produits con\u00e7us pour am\u00e9liorer l&#039;humeur, l&#039;\u00e9nergie et la s\u00e9r\u00e9nit\u00e9.\",\"publisher\":{\"@id\":\"https:\/\/pureparadise.fr\/#organization\"},\"potentialAction\":[{\"@type\":\"SearchAction\",\"target\":{\"@type\":\"EntryPoint\",\"urlTemplate\":\"https:\/\/pureparadise.fr\/?s={search_term_string}\"},\"query-input\":{\"@type\":\"PropertyValueSpecification\",\"valueRequired\":true,\"valueName\":\"search_term_string\"}}],\"inLanguage\":\"fr-FR\"},{\"@type\":\"Organization\",\"@id\":\"https:\/\/pureparadise.fr\/#organization\",\"name\":\"Pureparadise\",\"url\":\"https:\/\/pureparadise.fr\/\",\"logo\":{\"@type\":\"ImageObject\",\"inLanguage\":\"fr-FR\",\"@id\":\"https:\/\/pureparadise.fr\/#\/schema\/logo\/image\/\",\"url\":\"https:\/\/i0.wp.com\/pureparadise.fr\/wp-content\/uploads\/2024\/05\/NEW-PP-LOGO.jpg?fit=2084%2C2084&ssl=1\",\"contentUrl\":\"https:\/\/i0.wp.com\/pureparadise.fr\/wp-content\/uploads\/2024\/05\/NEW-PP-LOGO.jpg?fit=2084%2C2084&ssl=1\",\"width\":2084,\"height\":2084,\"caption\":\"Pureparadise\"},\"image\":{\"@id\":\"https:\/\/pureparadise.fr\/#\/schema\/logo\/image\/\"},\"sameAs\":[\"https:\/\/www.instagram.com\/pure_paradise_official\/\"]}]}<\/script>\n<!-- \/ Yoast SEO plugin. -->","yoast_head_json":{"title":"Revendeurs - Pure Paradise","robots":{"index":"index","follow":"follow","max-snippet":"max-snippet:-1","max-image-preview":"max-image-preview:large","max-video-preview":"max-video-preview:-1"},"canonical":"https:\/\/pureparadise.fr\/index.php\/nos-revendeurs\/","og_locale":"fr_FR","og_type":"article","og_title":"Revendeurs - Pure Paradise","og_description":"revendeurs Trouvez le revendeur le plus proche de chez vous Vous \u00eates professionnel dans la sant\u00e9 ou la pharmacie et vous souhaitez en savoir plus sur nos produits ?","og_url":"https:\/\/pureparadise.fr\/index.php\/nos-revendeurs\/","og_site_name":"Pure Paradise","article_modified_time":"2025-01-16T09:17:29+00:00","og_image":[{"width":1920,"height":1080,"url":"https:\/\/i0.wp.com\/pureparadise.fr\/wp-content\/uploads\/2024\/10\/Purepara.webp?fit=1920%2C1080&ssl=1","type":"image\/webp"}],"twitter_card":"summary_large_image","twitter_misc":{"Dur\u00e9e de lecture estim\u00e9e":"1 minute"},"schema":{"@context":"https:\/\/schema.org","@graph":[{"@type":"WebPage","@id":"https:\/\/pureparadise.fr\/index.php\/nos-revendeurs\/","url":"https:\/\/pureparadise.fr\/index.php\/nos-revendeurs\/","name":"Revendeurs - Pure Paradise","isPartOf":{"@id":"https:\/\/pureparadise.fr\/#website"},"datePublished":"2024-12-04T10:48:00+00:00","dateModified":"2025-01-16T09:17:29+00:00","breadcrumb":{"@id":"https:\/\/pureparadise.fr\/index.php\/nos-revendeurs\/#breadcrumb"},"inLanguage":"fr-FR","potentialAction":[{"@type":"ReadAction","target":["https:\/\/pureparadise.fr\/index.php\/nos-revendeurs\/"]}]},{"@type":"BreadcrumbList","@id":"https:\/\/pureparadise.fr\/index.php\/nos-revendeurs\/#breadcrumb","itemListElement":[{"@type":"ListItem","position":1,"name":"Accueil","item":"https:\/\/pureparadise.fr\/"},{"@type":"ListItem","position":2,"name":"Revendeurs"}]},{"@type":"WebSite","@id":"https:\/\/pureparadise.fr\/#website","url":"https:\/\/pureparadise.fr\/","name":"Pureparadise","description":"D\u00e9couvrez votre alli\u00e9 pour vous reconnecter. Des produits con\u00e7us pour am\u00e9liorer l&#039;humeur, l&#039;\u00e9nergie et la s\u00e9r\u00e9nit\u00e9.","publisher":{"@id":"https:\/\/pureparadise.fr\/#organization"},"potentialAction":[{"@type":"SearchAction","target":{"@type":"EntryPoint","urlTemplate":"https:\/\/pureparadise.fr\/?s={search_term_string}"},"query-input":{"@type":"PropertyValueSpecification","valueRequired":true,"valueName":"search_term_string"}}],"inLanguage":"fr-FR"},{"@type":"Organization","@id":"https:\/\/pureparadise.fr\/#organization","name":"Pureparadise","url":"https:\/\/pureparadise.fr\/","logo":{"@type":"ImageObject","inLanguage":"fr-FR","@id":"https:\/\/pureparadise.fr\/#\/schema\/logo\/image\/","url":"https:\/\/i0.wp.com\/pureparadise.fr\/wp-content\/uploads\/2024\/05\/NEW-PP-LOGO.jpg?fit=2084%2C2084&ssl=1","contentUrl":"https:\/\/i0.wp.com\/pureparadise.fr\/wp-content\/uploads\/2024\/05\/NEW-PP-LOGO.jpg?fit=2084%2C2084&ssl=1","width":2084,"height":2084,"caption":"Pureparadise"},"image":{"@id":"https:\/\/pureparadise.fr\/#\/schema\/logo\/image\/"},"sameAs":["https:\/\/www.instagram.com\/pure_paradise_official\/"]}]}},"jetpack_sharing_enabled":true,"_links":{"self":[{"href":"https:\/\/pureparadise.fr\/index.php\/wp-json\/wp\/v2\/pages\/3321","targetHints":{"allow":["GET"]}}],"collection":[{"href":"https:\/\/pureparadise.fr\/index.php\/wp-json\/wp\/v2\/pages"}],"about":[{"href":"https:\/\/pureparadise.fr\/index.php\/wp-json\/wp\/v2\/types\/page"}],"author":[{"embeddable":true,"href":"https:\/\/pureparadise.fr\/index.php\/wp-json\/wp\/v2\/users\/1"}],"replies":[{"embeddable":true,"href":"https:\/\/pureparadise.fr\/index.php\/wp-json\/wp\/v2\/comments?post=3321"}],"version-history":[{"count":29,"href":"https:\/\/pureparadise.fr\/index.php\/wp-json\/wp\/v2\/pages\/3321\/revisions"}],"predecessor-version":[{"id":4128,"href":"https:\/\/pureparadise.fr\/index.php\/wp-json\/wp\/v2\/pages\/3321\/revisions\/4128"}],"wp:attachment":[{"href":"https:\/\/pureparadise.fr\/index.php\/wp-json\/wp\/v2\/media?parent=3321"}],"curies":[{"name":"wp","href":"https:\/\/api.w.org\/{rel}","templated":true}]}}