{"id":905,"date":"2024-01-26T12:33:29","date_gmt":"2024-01-26T12:33:29","guid":{"rendered":"https:\/\/pureparadise.fr\/?page_id=905"},"modified":"2025-02-05T08:02:02","modified_gmt":"2025-02-05T08:02:02","slug":"mentions-legales","status":"publish","type":"page","link":"https:\/\/pureparadise.fr\/index.php\/mentions-legales\/","title":{"rendered":"Mentions l\u00e9gales"},"content":{"rendered":"\t\t<div data-elementor-type=\"wp-page\" data-elementor-id=\"905\" class=\"elementor elementor-905\" data-elementor-post-type=\"page\">\n\t\t\t\t<div class=\"elementor-element elementor-element-dc21b90 e-flex e-con-boxed e-con e-parent\" data-id=\"dc21b90\" data-element_type=\"container\">\n\t\t\t\t\t<div class=\"e-con-inner\">\n\t\t\t\t<div class=\"elementor-element elementor-element-9f6804f elementor-widget elementor-widget-spacer\" data-id=\"9f6804f\" data-element_type=\"widget\" data-widget_type=\"spacer.default\">\n\t\t\t\t<div class=\"elementor-widget-container\">\n\t\t\t\t\t\t\t<div class=\"elementor-spacer\">\n\t\t\t<div class=\"elementor-spacer-inner\"><\/div>\n\t\t<\/div>\n\t\t\t\t\t\t<\/div>\n\t\t\t\t<\/div>\n\t\t\t\t<div class=\"elementor-element elementor-element-54c4640 elementor-widget elementor-widget-heading\" data-id=\"54c4640\" data-element_type=\"widget\" data-widget_type=\"heading.default\">\n\t\t\t\t<div class=\"elementor-widget-container\">\n\t\t\t\t\t<h2 class=\"elementor-heading-title elementor-size-default\">mentions l\u00e9gales<\/h2>\t\t\t\t<\/div>\n\t\t\t\t<\/div>\n\t\t\t\t<div class=\"elementor-element elementor-element-311d6df elementor-widget elementor-widget-spacer\" data-id=\"311d6df\" data-element_type=\"widget\" data-widget_type=\"spacer.default\">\n\t\t\t\t<div class=\"elementor-widget-container\">\n\t\t\t\t\t\t\t<div class=\"elementor-spacer\">\n\t\t\t<div class=\"elementor-spacer-inner\"><\/div>\n\t\t<\/div>\n\t\t\t\t\t\t<\/div>\n\t\t\t\t<\/div>\n\t\t\t\t<div class=\"elementor-element elementor-element-6edaee1 elementor-widget-divider--view-line elementor-widget elementor-widget-divider\" data-id=\"6edaee1\" data-element_type=\"widget\" data-widget_type=\"divider.default\">\n\t\t\t\t<div class=\"elementor-widget-container\">\n\t\t\t\t\t\t\t<div class=\"elementor-divider\">\n\t\t\t<span class=\"elementor-divider-separator\">\n\t\t\t\t\t\t<\/span>\n\t\t<\/div>\n\t\t\t\t\t\t<\/div>\n\t\t\t\t<\/div>\n\t\t\t\t\t<\/div>\n\t\t\t\t<\/div>\n\t\t<div class=\"elementor-element elementor-element-44fe73f e-flex e-con-boxed e-con e-parent\" data-id=\"44fe73f\" data-element_type=\"container\">\n\t\t\t\t\t<div class=\"e-con-inner\">\n\t\t\t\t<div class=\"elementor-element elementor-element-88b9e97 elementor-widget elementor-widget-heading\" data-id=\"88b9e97\" data-element_type=\"widget\" data-widget_type=\"heading.default\">\n\t\t\t\t<div class=\"elementor-widget-container\">\n\t\t\t\t\t<h1 class=\"elementor-heading-title elementor-size-default\">\u00e9diteur du site<\/h1>\t\t\t\t<\/div>\n\t\t\t\t<\/div>\n\t\t\t\t<div class=\"elementor-element elementor-element-a168bad elementor-widget elementor-widget-text-editor\" data-id=\"a168bad\" data-element_type=\"widget\" data-widget_type=\"text-editor.default\">\n\t\t\t\t<div class=\"elementor-widget-container\">\n\t\t\t\t\t\t\t\t\t<p class=\"font_8 wixui-rich-text__text\">Le pr\u00e9sent site, accessible \u00e0 l&rsquo;URL\u00a0<span class=\"wixui-rich-text__text\"><a class=\"wixui-rich-text__text\" href=\"http:\/\/www.pureparadise.fr\/\" target=\"_blank\" rel=\"noopener\" data-auto-recognition=\"true\">www.pureparadise.fr<\/a><\/span>\u00a0est \u00e9dit\u00e9 par :<\/p><p class=\"font_8 wixui-rich-text__text\"><em>&#8211; Raison sociale<\/em> : Pure Paradise France<\/p><p class=\"font_8 wixui-rich-text__text\"><em>&#8211; Forme juridique<\/em> : SAS &#8211; Soci\u00e9t\u00e9 par actions simplifi\u00e9es<\/p><p class=\"font_8 wixui-rich-text__text\"><em>&#8211; R.C.S.<\/em> Briey 934467226<\/p><p class=\"font_8 wixui-rich-text__text\"><em>&#8211; Num\u00e9ro de Siret<\/em> : 93446722600015<\/p><p class=\"font_8 wixui-rich-text__text\"><em>&#8211; TVA intracommunautaire<\/em> : FR34934467226<\/p><p class=\"font_8 wixui-rich-text__text\"><em>&#8211; Directeur de la publication<\/em> : Laurent Cassis<\/p>\t\t\t\t\t\t\t\t<\/div>\n\t\t\t\t<\/div>\n\t\t\t\t<div class=\"elementor-element elementor-element-339b5a9 elementor-widget elementor-widget-spacer\" data-id=\"339b5a9\" data-element_type=\"widget\" data-widget_type=\"spacer.default\">\n\t\t\t\t<div class=\"elementor-widget-container\">\n\t\t\t\t\t\t\t<div class=\"elementor-spacer\">\n\t\t\t<div class=\"elementor-spacer-inner\"><\/div>\n\t\t<\/div>\n\t\t\t\t\t\t<\/div>\n\t\t\t\t<\/div>\n\t\t\t\t\t<\/div>\n\t\t\t\t<\/div>\n\t\t<div class=\"elementor-element elementor-element-c22fb85 e-flex e-con-boxed e-con e-parent\" data-id=\"c22fb85\" data-element_type=\"container\">\n\t\t\t\t\t<div class=\"e-con-inner\">\n\t\t\t\t<div class=\"elementor-element elementor-element-509a8ba elementor-widget elementor-widget-heading\" data-id=\"509a8ba\" data-element_type=\"widget\" data-widget_type=\"heading.default\">\n\t\t\t\t<div class=\"elementor-widget-container\">\n\t\t\t\t\t<h1 class=\"elementor-heading-title elementor-size-default\">h\u00e9bergeur du site<\/h1>\t\t\t\t<\/div>\n\t\t\t\t<\/div>\n\t\t\t\t<div class=\"elementor-element elementor-element-a857f07 elementor-widget elementor-widget-text-editor\" data-id=\"a857f07\" data-element_type=\"widget\" data-widget_type=\"text-editor.default\">\n\t\t\t\t<div class=\"elementor-widget-container\">\n\t\t\t\t\t\t\t\t\t<p>Le site est h\u00e9berg\u00e9 par HOSTINGER operations, UAB, une soci\u00e9t\u00e9 dont le si\u00e8ge social est situ\u00e9 \u00e0 \u0160vitrigailos str. 34, Vilnius 03230 Lithuania.<br class=\"wixui-rich-text__text\" \/>Num\u00e9ro de t\u00e9l\u00e9phone : +37064503378<br class=\"wixui-rich-text__text\" \/>Adresse e-mail : <a class=\"moz-txt-link-abbreviated\" href=\"mailto:domains@hostinger.com\">domains@hostinger.com<\/a><\/p>\t\t\t\t\t\t\t\t<\/div>\n\t\t\t\t<\/div>\n\t\t\t\t<div class=\"elementor-element elementor-element-2b0a5ab elementor-widget elementor-widget-spacer\" data-id=\"2b0a5ab\" data-element_type=\"widget\" data-widget_type=\"spacer.default\">\n\t\t\t\t<div class=\"elementor-widget-container\">\n\t\t\t\t\t\t\t<div class=\"elementor-spacer\">\n\t\t\t<div class=\"elementor-spacer-inner\"><\/div>\n\t\t<\/div>\n\t\t\t\t\t\t<\/div>\n\t\t\t\t<\/div>\n\t\t\t\t\t<\/div>\n\t\t\t\t<\/div>\n\t\t<div class=\"elementor-element elementor-element-5a53a2d e-flex e-con-boxed e-con e-parent\" data-id=\"5a53a2d\" data-element_type=\"container\">\n\t\t\t\t\t<div class=\"e-con-inner\">\n\t\t\t\t<div class=\"elementor-element elementor-element-bfbd104 elementor-widget elementor-widget-heading\" data-id=\"bfbd104\" data-element_type=\"widget\" data-widget_type=\"heading.default\">\n\t\t\t\t<div class=\"elementor-widget-container\">\n\t\t\t\t\t<h1 class=\"elementor-heading-title elementor-size-default\">contact<\/h1>\t\t\t\t<\/div>\n\t\t\t\t<\/div>\n\t\t\t\t<div class=\"elementor-element elementor-element-efea301 elementor-widget elementor-widget-text-editor\" data-id=\"efea301\" data-element_type=\"widget\" data-widget_type=\"text-editor.default\">\n\t\t\t\t<div class=\"elementor-widget-container\">\n\t\t\t\t\t\t\t\t\t<p class=\"font_8 wixui-rich-text__text\">Pour toute question ou demande de renseignements concernant le site, ou tout signalement de contenus ou d\u2019activit\u00e9s illicites, l&rsquo;utilisateur peut contacter l&rsquo;\u00e9diteur \u00e0 l&rsquo;adresse suivante : <a class=\"wixui-rich-text__text\" href=\"mailto:contact@pureparadise.fr\" data-auto-recognition=\"true\">contact@pureparadise.fr<\/a> ou effectuer une d\u00e9claration aupr\u00e8s de Pure Paradise France aux coordonn\u00e9es pr\u00e9cis\u00e9es dans cette section.<\/p>\t\t\t\t\t\t\t\t<\/div>\n\t\t\t\t<\/div>\n\t\t\t\t<div class=\"elementor-element elementor-element-bd4c858 elementor-widget elementor-widget-spacer\" data-id=\"bd4c858\" data-element_type=\"widget\" data-widget_type=\"spacer.default\">\n\t\t\t\t<div class=\"elementor-widget-container\">\n\t\t\t\t\t\t\t<div class=\"elementor-spacer\">\n\t\t\t<div class=\"elementor-spacer-inner\"><\/div>\n\t\t<\/div>\n\t\t\t\t\t\t<\/div>\n\t\t\t\t<\/div>\n\t\t\t\t\t<\/div>\n\t\t\t\t<\/div>\n\t\t<div class=\"elementor-element elementor-element-3fad429 e-flex e-con-boxed e-con e-parent\" data-id=\"3fad429\" data-element_type=\"container\">\n\t\t\t\t\t<div class=\"e-con-inner\">\n\t\t\t\t<div class=\"elementor-element elementor-element-e365af8 elementor-widget-divider--view-line elementor-widget elementor-widget-divider\" data-id=\"e365af8\" data-element_type=\"widget\" data-widget_type=\"divider.default\">\n\t\t\t\t<div class=\"elementor-widget-container\">\n\t\t\t\t\t\t\t<div class=\"elementor-divider\">\n\t\t\t<span class=\"elementor-divider-separator\">\n\t\t\t\t\t\t<\/span>\n\t\t<\/div>\n\t\t\t\t\t\t<\/div>\n\t\t\t\t<\/div>\n\t\t\t\t<div class=\"elementor-element elementor-element-2749a13 elementor-widget elementor-widget-text-editor\" data-id=\"2749a13\" data-element_type=\"widget\" data-widget_type=\"text-editor.default\">\n\t\t\t\t<div class=\"elementor-widget-container\">\n\t\t\t\t\t\t\t\t\t<p class=\"font_8 wixui-rich-text__text\">Retrouvez l&rsquo;ensemble des informations suppl\u00e9mentaire dans <a href=\"https:\/\/pureparadise.fr\/index.php\/conditions-de-ventes\/\">les conditions g\u00e9n\u00e9rales de ventes<\/a>\u00a0et <a href=\"https:\/\/pureparadise.fr\/index.php\/politique-de-protections-des-donnees-cookies\/\">la politique de protection des donn\u00e9es<\/a>.<\/p>\t\t\t\t\t\t\t\t<\/div>\n\t\t\t\t<\/div>\n\t\t\t\t<div class=\"elementor-element elementor-element-6441b85 elementor-widget elementor-widget-spacer\" data-id=\"6441b85\" data-element_type=\"widget\" data-widget_type=\"spacer.default\">\n\t\t\t\t<div class=\"elementor-widget-container\">\n\t\t\t\t\t\t\t<div class=\"elementor-spacer\">\n\t\t\t<div class=\"elementor-spacer-inner\"><\/div>\n\t\t<\/div>\n\t\t\t\t\t\t<\/div>\n\t\t\t\t<\/div>\n\t\t\t\t\t<\/div>\n\t\t\t\t<\/div>\n\t\t\t\t<\/div>\n\t\t","protected":false},"excerpt":{"rendered":"<p>mentions l\u00e9gales \u00e9diteur du site Le pr\u00e9sent site, accessible \u00e0 l&rsquo;URL\u00a0www.pureparadise.fr\u00a0est \u00e9dit\u00e9 par : &#8211; Raison sociale : Pure Paradise France &#8211; Forme juridique : SAS &#8211; Soci\u00e9t\u00e9 par actions simplifi\u00e9es &#8211; R.C.S. Briey 934467226 &#8211; Num\u00e9ro de Siret : 93446722600015 &#8211; TVA intracommunautaire : FR34934467226 &#8211; Directeur de la publication : Laurent Cassis h\u00e9bergeur [&hellip;]<\/p>\n","protected":false},"author":1,"featured_media":2756,"parent":0,"menu_order":0,"comment_status":"closed","ping_status":"closed","template":"","meta":{"ocean_post_layout":"","ocean_both_sidebars_style":"","ocean_both_sidebars_content_width":0,"ocean_both_sidebars_sidebars_width":0,"ocean_sidebar":"","ocean_second_sidebar":"","ocean_disable_margins":"enable","ocean_add_body_class":"","ocean_shortcode_before_top_bar":"","ocean_shortcode_after_top_bar":"","ocean_shortcode_before_header":"","ocean_shortcode_after_header":"","ocean_has_shortcode":"","ocean_shortcode_after_title":"","ocean_shortcode_before_footer_widgets":"","ocean_shortcode_after_footer_widgets":"","ocean_shortcode_before_footer_bottom":"","ocean_shortcode_after_footer_bottom":"","ocean_display_top_bar":"default","ocean_display_header":"default","ocean_header_style":"","ocean_center_header_left_menu":"","ocean_custom_header_template":"","ocean_custom_logo":0,"ocean_custom_retina_logo":0,"ocean_custom_logo_max_width":0,"ocean_custom_logo_tablet_max_width":0,"ocean_custom_logo_mobile_max_width":0,"ocean_custom_logo_max_height":0,"ocean_custom_logo_tablet_max_height":0,"ocean_custom_logo_mobile_max_height":0,"ocean_header_custom_menu":"","ocean_menu_typo_font_family":"","ocean_menu_typo_font_subset":"","ocean_menu_typo_font_size":0,"ocean_menu_typo_font_size_tablet":0,"ocean_menu_typo_font_size_mobile":0,"ocean_menu_typo_font_size_unit":"px","ocean_menu_typo_font_weight":"","ocean_menu_typo_font_weight_tablet":"","ocean_menu_typo_font_weight_mobile":"","ocean_menu_typo_transform":"","ocean_menu_typo_transform_tablet":"","ocean_menu_typo_transform_mobile":"","ocean_menu_typo_line_height":0,"ocean_menu_typo_line_height_tablet":0,"ocean_menu_typo_line_height_mobile":0,"ocean_menu_typo_line_height_unit":"","ocean_menu_typo_spacing":0,"ocean_menu_typo_spacing_tablet":0,"ocean_menu_typo_spacing_mobile":0,"ocean_menu_typo_spacing_unit":"","ocean_menu_link_color":"","ocean_menu_link_color_hover":"","ocean_menu_link_color_active":"","ocean_menu_link_background":"","ocean_menu_link_hover_background":"","ocean_menu_link_active_background":"","ocean_menu_social_links_bg":"","ocean_menu_social_hover_links_bg":"","ocean_menu_social_links_color":"","ocean_menu_social_hover_links_color":"","ocean_disable_title":"default","ocean_disable_heading":"default","ocean_post_title":"","ocean_post_subheading":"","ocean_post_title_style":"","ocean_post_title_background_color":"","ocean_post_title_background":0,"ocean_post_title_bg_image_position":"","ocean_post_title_bg_image_attachment":"","ocean_post_title_bg_image_repeat":"","ocean_post_title_bg_image_size":"","ocean_post_title_height":0,"ocean_post_title_bg_overlay":0.5,"ocean_post_title_bg_overlay_color":"","ocean_disable_breadcrumbs":"default","ocean_breadcrumbs_color":"","ocean_breadcrumbs_separator_color":"","ocean_breadcrumbs_links_color":"","ocean_breadcrumbs_links_hover_color":"","ocean_display_footer_widgets":"default","ocean_display_footer_bottom":"default","ocean_custom_footer_template":"","ofc_enable_fullscreen":"disable","ofc_fullscreen_speed":0,"ofc_fullscreen_nav":"enable","ofc_fullscreen_nav_pos":"right","ofc_fullscreen_nav_color":"","ofc_fullscreen_nav_tooltip_color":"","ofc_fullscreen_responsive":0,"osp_disable_panel":"default","footnotes":""},"class_list":["post-905","page","type-page","status-publish","has-post-thumbnail","hentry","entry","has-media","owp-thumbs-layout-horizontal","owp-btn-normal","owp-tabs-layout-horizontal","has-no-thumbnails","has-product-nav"],"yoast_head":"<!-- This site is optimized with the Yoast SEO plugin v25.0 - https:\/\/yoast.com\/wordpress\/plugins\/seo\/ -->\n<title>Mentions l\u00e9gales - Pure Paradise<\/title>\n<meta name=\"description\" content=\"Consultez les mentions l\u00e9gales de Pure Paradise pour en savoir plus sur nos conditions d&#039;utilisation et notre politique de confidentialit\u00e9.\" \/>\n<meta name=\"robots\" content=\"index, follow, max-snippet:-1, max-image-preview:large, max-video-preview:-1\" \/>\n<link rel=\"canonical\" href=\"https:\/\/pureparadise.fr\/index.php\/mentions-legales\/\" \/>\n<meta property=\"og:locale\" content=\"fr_FR\" \/>\n<meta property=\"og:type\" content=\"article\" \/>\n<meta property=\"og:title\" content=\"Mentions l\u00e9gales - Pure Paradise\" \/>\n<meta property=\"og:description\" content=\"Consultez les mentions l\u00e9gales de Pure Paradise pour en savoir plus sur nos conditions d&#039;utilisation et notre politique de confidentialit\u00e9.\" \/>\n<meta property=\"og:url\" content=\"https:\/\/pureparadise.fr\/index.php\/mentions-legales\/\" \/>\n<meta property=\"og:site_name\" content=\"Pure Paradise\" \/>\n<meta property=\"article:modified_time\" content=\"2025-02-05T08:02:02+00:00\" \/>\n<meta property=\"og:image\" content=\"https:\/\/pureparadise.fr\/wp-content\/uploads\/2024\/10\/Purepara.webp\" \/>\n\t<meta property=\"og:image:width\" content=\"1920\" \/>\n\t<meta property=\"og:image:height\" content=\"1080\" \/>\n\t<meta property=\"og:image:type\" content=\"image\/webp\" \/>\n<meta name=\"twitter:card\" content=\"summary_large_image\" \/>\n<meta name=\"twitter:label1\" content=\"Dur\u00e9e de lecture estim\u00e9e\" \/>\n\t<meta name=\"twitter:data1\" content=\"1 minute\" \/>\n<script type=\"application\/ld+json\" class=\"yoast-schema-graph\">{\"@context\":\"https:\/\/schema.org\",\"@graph\":[{\"@type\":\"WebPage\",\"@id\":\"https:\/\/pureparadise.fr\/index.php\/mentions-legales\/\",\"url\":\"https:\/\/pureparadise.fr\/index.php\/mentions-legales\/\",\"name\":\"Mentions l\u00e9gales - Pure Paradise\",\"isPartOf\":{\"@id\":\"https:\/\/pureparadise.fr\/#website\"},\"primaryImageOfPage\":{\"@id\":\"https:\/\/pureparadise.fr\/index.php\/mentions-legales\/#primaryimage\"},\"image\":{\"@id\":\"https:\/\/pureparadise.fr\/index.php\/mentions-legales\/#primaryimage\"},\"thumbnailUrl\":\"https:\/\/i0.wp.com\/pureparadise.fr\/wp-content\/uploads\/2024\/10\/Purepara.webp?fit=1920%2C1080&ssl=1\",\"datePublished\":\"2024-01-26T12:33:29+00:00\",\"dateModified\":\"2025-02-05T08:02:02+00:00\",\"description\":\"Consultez les mentions l\u00e9gales de Pure Paradise pour en savoir plus sur nos conditions d'utilisation et notre politique de confidentialit\u00e9.\",\"breadcrumb\":{\"@id\":\"https:\/\/pureparadise.fr\/index.php\/mentions-legales\/#breadcrumb\"},\"inLanguage\":\"fr-FR\",\"potentialAction\":[{\"@type\":\"ReadAction\",\"target\":[\"https:\/\/pureparadise.fr\/index.php\/mentions-legales\/\"]}]},{\"@type\":\"ImageObject\",\"inLanguage\":\"fr-FR\",\"@id\":\"https:\/\/pureparadise.fr\/index.php\/mentions-legales\/#primaryimage\",\"url\":\"https:\/\/i0.wp.com\/pureparadise.fr\/wp-content\/uploads\/2024\/10\/Purepara.webp?fit=1920%2C1080&ssl=1\",\"contentUrl\":\"https:\/\/i0.wp.com\/pureparadise.fr\/wp-content\/uploads\/2024\/10\/Purepara.webp?fit=1920%2C1080&ssl=1\",\"width\":1920,\"height\":1080},{\"@type\":\"BreadcrumbList\",\"@id\":\"https:\/\/pureparadise.fr\/index.php\/mentions-legales\/#breadcrumb\",\"itemListElement\":[{\"@type\":\"ListItem\",\"position\":1,\"name\":\"Accueil\",\"item\":\"https:\/\/pureparadise.fr\/\"},{\"@type\":\"ListItem\",\"position\":2,\"name\":\"Mentions l\u00e9gales\"}]},{\"@type\":\"WebSite\",\"@id\":\"https:\/\/pureparadise.fr\/#website\",\"url\":\"https:\/\/pureparadise.fr\/\",\"name\":\"Pureparadise\",\"description\":\"D\u00e9couvrez votre alli\u00e9 pour vous reconnecter. Des produits con\u00e7us pour am\u00e9liorer l&#039;humeur, l&#039;\u00e9nergie et la s\u00e9r\u00e9nit\u00e9.\",\"publisher\":{\"@id\":\"https:\/\/pureparadise.fr\/#organization\"},\"potentialAction\":[{\"@type\":\"SearchAction\",\"target\":{\"@type\":\"EntryPoint\",\"urlTemplate\":\"https:\/\/pureparadise.fr\/?s={search_term_string}\"},\"query-input\":{\"@type\":\"PropertyValueSpecification\",\"valueRequired\":true,\"valueName\":\"search_term_string\"}}],\"inLanguage\":\"fr-FR\"},{\"@type\":\"Organization\",\"@id\":\"https:\/\/pureparadise.fr\/#organization\",\"name\":\"Pureparadise\",\"url\":\"https:\/\/pureparadise.fr\/\",\"logo\":{\"@type\":\"ImageObject\",\"inLanguage\":\"fr-FR\",\"@id\":\"https:\/\/pureparadise.fr\/#\/schema\/logo\/image\/\",\"url\":\"https:\/\/i0.wp.com\/pureparadise.fr\/wp-content\/uploads\/2024\/05\/NEW-PP-LOGO.jpg?fit=2084%2C2084&ssl=1\",\"contentUrl\":\"https:\/\/i0.wp.com\/pureparadise.fr\/wp-content\/uploads\/2024\/05\/NEW-PP-LOGO.jpg?fit=2084%2C2084&ssl=1\",\"width\":2084,\"height\":2084,\"caption\":\"Pureparadise\"},\"image\":{\"@id\":\"https:\/\/pureparadise.fr\/#\/schema\/logo\/image\/\"},\"sameAs\":[\"https:\/\/www.instagram.com\/pure_paradise_official\/\"]}]}<\/script>\n<!-- \/ Yoast SEO plugin. -->","yoast_head_json":{"title":"Mentions l\u00e9gales - Pure Paradise","description":"Consultez les mentions l\u00e9gales de Pure Paradise pour en savoir plus sur nos conditions d'utilisation et notre politique de confidentialit\u00e9.","robots":{"index":"index","follow":"follow","max-snippet":"max-snippet:-1","max-image-preview":"max-image-preview:large","max-video-preview":"max-video-preview:-1"},"canonical":"https:\/\/pureparadise.fr\/index.php\/mentions-legales\/","og_locale":"fr_FR","og_type":"article","og_title":"Mentions l\u00e9gales - Pure Paradise","og_description":"Consultez les mentions l\u00e9gales de Pure Paradise pour en savoir plus sur nos conditions d'utilisation et notre politique de confidentialit\u00e9.","og_url":"https:\/\/pureparadise.fr\/index.php\/mentions-legales\/","og_site_name":"Pure Paradise","article_modified_time":"2025-02-05T08:02:02+00:00","og_image":[{"width":1920,"height":1080,"url":"https:\/\/pureparadise.fr\/wp-content\/uploads\/2024\/10\/Purepara.webp","type":"image\/webp"}],"twitter_card":"summary_large_image","twitter_misc":{"Dur\u00e9e de lecture estim\u00e9e":"1 minute"},"schema":{"@context":"https:\/\/schema.org","@graph":[{"@type":"WebPage","@id":"https:\/\/pureparadise.fr\/index.php\/mentions-legales\/","url":"https:\/\/pureparadise.fr\/index.php\/mentions-legales\/","name":"Mentions l\u00e9gales - Pure Paradise","isPartOf":{"@id":"https:\/\/pureparadise.fr\/#website"},"primaryImageOfPage":{"@id":"https:\/\/pureparadise.fr\/index.php\/mentions-legales\/#primaryimage"},"image":{"@id":"https:\/\/pureparadise.fr\/index.php\/mentions-legales\/#primaryimage"},"thumbnailUrl":"https:\/\/i0.wp.com\/pureparadise.fr\/wp-content\/uploads\/2024\/10\/Purepara.webp?fit=1920%2C1080&ssl=1","datePublished":"2024-01-26T12:33:29+00:00","dateModified":"2025-02-05T08:02:02+00:00","description":"Consultez les mentions l\u00e9gales de Pure Paradise pour en savoir plus sur nos conditions d'utilisation et notre politique de confidentialit\u00e9.","breadcrumb":{"@id":"https:\/\/pureparadise.fr\/index.php\/mentions-legales\/#breadcrumb"},"inLanguage":"fr-FR","potentialAction":[{"@type":"ReadAction","target":["https:\/\/pureparadise.fr\/index.php\/mentions-legales\/"]}]},{"@type":"ImageObject","inLanguage":"fr-FR","@id":"https:\/\/pureparadise.fr\/index.php\/mentions-legales\/#primaryimage","url":"https:\/\/i0.wp.com\/pureparadise.fr\/wp-content\/uploads\/2024\/10\/Purepara.webp?fit=1920%2C1080&ssl=1","contentUrl":"https:\/\/i0.wp.com\/pureparadise.fr\/wp-content\/uploads\/2024\/10\/Purepara.webp?fit=1920%2C1080&ssl=1","width":1920,"height":1080},{"@type":"BreadcrumbList","@id":"https:\/\/pureparadise.fr\/index.php\/mentions-legales\/#breadcrumb","itemListElement":[{"@type":"ListItem","position":1,"name":"Accueil","item":"https:\/\/pureparadise.fr\/"},{"@type":"ListItem","position":2,"name":"Mentions l\u00e9gales"}]},{"@type":"WebSite","@id":"https:\/\/pureparadise.fr\/#website","url":"https:\/\/pureparadise.fr\/","name":"Pureparadise","description":"D\u00e9couvrez votre alli\u00e9 pour vous reconnecter. Des produits con\u00e7us pour am\u00e9liorer l&#039;humeur, l&#039;\u00e9nergie et la s\u00e9r\u00e9nit\u00e9.","publisher":{"@id":"https:\/\/pureparadise.fr\/#organization"},"potentialAction":[{"@type":"SearchAction","target":{"@type":"EntryPoint","urlTemplate":"https:\/\/pureparadise.fr\/?s={search_term_string}"},"query-input":{"@type":"PropertyValueSpecification","valueRequired":true,"valueName":"search_term_string"}}],"inLanguage":"fr-FR"},{"@type":"Organization","@id":"https:\/\/pureparadise.fr\/#organization","name":"Pureparadise","url":"https:\/\/pureparadise.fr\/","logo":{"@type":"ImageObject","inLanguage":"fr-FR","@id":"https:\/\/pureparadise.fr\/#\/schema\/logo\/image\/","url":"https:\/\/i0.wp.com\/pureparadise.fr\/wp-content\/uploads\/2024\/05\/NEW-PP-LOGO.jpg?fit=2084%2C2084&ssl=1","contentUrl":"https:\/\/i0.wp.com\/pureparadise.fr\/wp-content\/uploads\/2024\/05\/NEW-PP-LOGO.jpg?fit=2084%2C2084&ssl=1","width":2084,"height":2084,"caption":"Pureparadise"},"image":{"@id":"https:\/\/pureparadise.fr\/#\/schema\/logo\/image\/"},"sameAs":["https:\/\/www.instagram.com\/pure_paradise_official\/"]}]}},"jetpack_sharing_enabled":true,"_links":{"self":[{"href":"https:\/\/pureparadise.fr\/index.php\/wp-json\/wp\/v2\/pages\/905","targetHints":{"allow":["GET"]}}],"collection":[{"href":"https:\/\/pureparadise.fr\/index.php\/wp-json\/wp\/v2\/pages"}],"about":[{"href":"https:\/\/pureparadise.fr\/index.php\/wp-json\/wp\/v2\/types\/page"}],"author":[{"embeddable":true,"href":"https:\/\/pureparadise.fr\/index.php\/wp-json\/wp\/v2\/users\/1"}],"replies":[{"embeddable":true,"href":"https:\/\/pureparadise.fr\/index.php\/wp-json\/wp\/v2\/comments?post=905"}],"version-history":[{"count":28,"href":"https:\/\/pureparadise.fr\/index.php\/wp-json\/wp\/v2\/pages\/905\/revisions"}],"predecessor-version":[{"id":4331,"href":"https:\/\/pureparadise.fr\/index.php\/wp-json\/wp\/v2\/pages\/905\/revisions\/4331"}],"wp:featuredmedia":[{"embeddable":true,"href":"https:\/\/pureparadise.fr\/index.php\/wp-json\/wp\/v2\/media\/2756"}],"wp:attachment":[{"href":"https:\/\/pureparadise.fr\/index.php\/wp-json\/wp\/v2\/media?parent=905"}],"curies":[{"name":"wp","href":"https:\/\/api.w.org\/{rel}","templated":true}]}}