{"id":3730,"date":"2025-01-13T11:44:03","date_gmt":"2025-01-13T11:44:03","guid":{"rendered":"https:\/\/pureparadise.fr\/?post_type=product&#038;p=3730"},"modified":"2025-02-04T12:53:25","modified_gmt":"2025-02-04T12:53:25","slug":"serenity","status":"publish","type":"product","link":"https:\/\/pureparadise.fr\/index.php\/produit\/serenity\/","title":{"rendered":"SERENITY"},"content":{"rendered":"\t\t<div data-elementor-type=\"product-post\" data-elementor-id=\"3730\" class=\"elementor elementor-3730\" data-elementor-post-type=\"product\">\n\t\t\t\t<div class=\"elementor-element elementor-element-47eeb70a e-flex e-con-boxed e-con e-parent\" data-id=\"47eeb70a\" data-element_type=\"container\">\n\t\t\t\t\t<div class=\"e-con-inner\">\n\t\t\t\t<div class=\"elementor-element elementor-element-129f4b4b elementor-widget elementor-widget-text-editor\" data-id=\"129f4b4b\" data-element_type=\"widget\" data-widget_type=\"text-editor.default\">\n\t\t\t\t<div class=\"elementor-widget-container\">\n\t\t\t\t\t\t\t\t\t<div class=\"page\" title=\"Page 2\"><div class=\"section\"><div class=\"layoutArea\"><div class=\"column\"><div class=\"page\" title=\"Page 3\"><div class=\"section\"><div class=\"layoutArea\"><div class=\"column\"><p>Notre spray va aller cibler <em>l\u2019anandamide<\/em>, mole\u0301cule produite par le cerveau, implique\u0301e dans la gestion des humeurs, associe\u0301e a\u0300 l\u2019e\u0301tat d\u2019extase ou d\u2019euphorie. Il n\u2019existe que 2 produits naturels qui en contiennent : le lait maternel (extase du nouveau ne\u0301 apre\u0300s la te\u0301te\u0301) et le cacao pur (900g avale\u0301 pour avoir ce sentiment d\u2019euphorie).<\/p><p><strong>Serenity<\/strong> permet de stimuler de manie\u0300re naturelle la production de ce neurotransmetteur, gra\u0302ce a\u0300 <em>l\u2019isolat pur de CBD<\/em>. Riche en beta-caryophylle\u0300ne, le <em>baume de Copahu<\/em> est un anti-inflammatoire puissant qui permet de re\u0301duire la douleur et apaiser le corps en me\u0302me temps que l\u2019esprit. Il agit de pair avec le <em>CBD<\/em> et de\u0301cuple son efficacite\u0301.<\/p><p><strong>Serenity<\/strong> soutient la re\u0301duction des addictions, favorise un sommeil apaise\u0301, aide a\u0300 la re\u0301cupe\u0301ration musculaire apre\u0300s un effort intense, apaise les douleurs inflammatoires neuropathiques et les agitations en cas de maladies d\u2019Alzheimer.<\/p><\/div><\/div><\/div><\/div><\/div><\/div><\/div><\/div>\t\t\t\t\t\t\t\t<\/div>\n\t\t\t\t<\/div>\n\t\t\t\t\t<\/div>\n\t\t\t\t<\/div>\n\t\t<div class=\"elementor-element elementor-element-050e457 e-flex e-con-boxed e-con e-parent\" data-id=\"050e457\" data-element_type=\"container\">\n\t\t\t\t\t<div class=\"e-con-inner\">\n\t\t<div class=\"elementor-element elementor-element-51cfad8 e-con-full e-flex e-con e-child\" data-id=\"51cfad8\" data-element_type=\"container\">\n\t\t\t\t<div class=\"elementor-element elementor-element-556a39b elementor-widget elementor-widget-heading\" data-id=\"556a39b\" data-element_type=\"widget\" data-widget_type=\"heading.default\">\n\t\t\t\t<div class=\"elementor-widget-container\">\n\t\t\t\t\t<h2 class=\"elementor-heading-title elementor-size-default\">Spray sublingual inducteur de s\u00e9r\u00e9nit\u00e9<\/h2>\t\t\t\t<\/div>\n\t\t\t\t<\/div>\n\t\t\t\t<\/div>\n\t\t\t\t<div class=\"elementor-element elementor-element-24d4248 elementor-widget-divider--view-line elementor-widget elementor-widget-divider\" data-id=\"24d4248\" data-element_type=\"widget\" data-widget_type=\"divider.default\">\n\t\t\t\t<div class=\"elementor-widget-container\">\n\t\t\t\t\t\t\t<div class=\"elementor-divider\">\n\t\t\t<span class=\"elementor-divider-separator\">\n\t\t\t\t\t\t<\/span>\n\t\t<\/div>\n\t\t\t\t\t\t<\/div>\n\t\t\t\t<\/div>\n\t\t<div class=\"elementor-element elementor-element-07b0584 e-grid e-con-full e-con e-child\" data-id=\"07b0584\" data-element_type=\"container\">\n\t\t\t\t<div class=\"elementor-element elementor-element-9f807f2 elementor-widget elementor-widget-text-editor\" data-id=\"9f807f2\" data-element_type=\"widget\" data-widget_type=\"text-editor.default\">\n\t\t\t\t<div class=\"elementor-widget-container\">\n\t\t\t\t\t\t\t\t\t<p><strong>utilisation en cure ou occasionnelle<\/strong><\/p>\t\t\t\t\t\t\t\t<\/div>\n\t\t\t\t<\/div>\n\t\t\t\t<div class=\"elementor-element elementor-element-55dbc33 elementor-widget elementor-widget-text-editor\" data-id=\"55dbc33\" data-element_type=\"widget\" data-widget_type=\"text-editor.default\">\n\t\t\t\t<div class=\"elementor-widget-container\">\n\t\t\t\t\t\t\t\t\t<div class=\"page\" title=\"Page 2\"><div class=\"section\"><div class=\"layoutArea\"><div class=\"column\"><div class=\"page\" title=\"Page 3\"><div class=\"section\"><div class=\"layoutArea\"><div class=\"column\"><p><strong>1 spray sous la langue, garder en bouche 30sec avant d\u2019avaler<\/strong><\/p><\/div><\/div><\/div><\/div><\/div><\/div><\/div><\/div>\t\t\t\t\t\t\t\t<\/div>\n\t\t\t\t<\/div>\n\t\t\t\t<div class=\"elementor-element elementor-element-4a41240 elementor-widget elementor-widget-text-editor\" data-id=\"4a41240\" data-element_type=\"widget\" data-widget_type=\"text-editor.default\">\n\t\t\t\t<div class=\"elementor-widget-container\">\n\t\t\t\t\t\t\t\t\t<div class=\"page\" title=\"Page 3\"><div class=\"section\"><div class=\"layoutArea\"><div class=\"column\"><p><strong>26,3mg de CBD<\/strong><\/p><\/div><\/div><\/div><\/div>\t\t\t\t\t\t\t\t<\/div>\n\t\t\t\t<\/div>\n\t\t\t\t<\/div>\n\t\t\t\t<div class=\"elementor-element elementor-element-c6f89b3 elementor-widget-divider--view-line elementor-widget elementor-widget-divider\" data-id=\"c6f89b3\" data-element_type=\"widget\" data-widget_type=\"divider.default\">\n\t\t\t\t<div class=\"elementor-widget-container\">\n\t\t\t\t\t\t\t<div class=\"elementor-divider\">\n\t\t\t<span class=\"elementor-divider-separator\">\n\t\t\t\t\t\t<\/span>\n\t\t<\/div>\n\t\t\t\t\t\t<\/div>\n\t\t\t\t<\/div>\n\t\t\t\t\t<\/div>\n\t\t\t\t<\/div>\n\t\t<div class=\"elementor-element elementor-element-e140fa5 e-flex e-con-boxed e-con e-parent\" data-id=\"e140fa5\" data-element_type=\"container\">\n\t\t\t\t\t<div class=\"e-con-inner\">\n\t\t<div class=\"elementor-element elementor-element-a710ee4 e-con-full e-flex e-con e-child\" data-id=\"a710ee4\" data-element_type=\"container\">\n\t\t\t\t<div class=\"elementor-element elementor-element-5d80579 elementor-widget elementor-widget-heading\" data-id=\"5d80579\" data-element_type=\"widget\" data-widget_type=\"heading.default\">\n\t\t\t\t<div class=\"elementor-widget-container\">\n\t\t\t\t\t<h2 class=\"elementor-heading-title elementor-size-default\">Les bienfaits<\/h2>\t\t\t\t<\/div>\n\t\t\t\t<\/div>\n\t\t\t\t<div class=\"elementor-element elementor-element-24f0cc6 elementor-widget elementor-widget-text-editor\" data-id=\"24f0cc6\" data-element_type=\"widget\" data-widget_type=\"text-editor.default\">\n\t\t\t\t<div class=\"elementor-widget-container\">\n\t\t\t\t\t\t\t\t\t<div class=\"page\" title=\"Page 2\"><div class=\"section\"><div class=\"layoutArea\"><div class=\"column\"><p>&#8211; Apporte s\u00e9r\u00e9nit\u00e9 et anandamide, le neurotransmetteur de<br \/>la b\u00e9atitude<\/p><p>&#8211; Soulage les anxi\u00e9t\u00e9s et le stress rapidement gr\u00e2ce \u00e0 sa<br \/>concentration importante de B\u00e9ta-caryophyll\u00e8ne<\/p><p>&#8211; Contribue au sommeil r\u00e9parateur et aux r\u00eaves positifs<\/p><p>&#8211; Privil\u00e9gie un \u00e9tat id\u00e9al pour des m\u00e9ditations r\u00e9paratrices<\/p><\/div><\/div><\/div><\/div>\t\t\t\t\t\t\t\t<\/div>\n\t\t\t\t<\/div>\n\t\t\t\t<\/div>\n\t\t<div class=\"elementor-element elementor-element-342f04e e-con-full e-flex e-con e-child\" data-id=\"342f04e\" data-element_type=\"container\">\n\t\t\t\t<div class=\"elementor-element elementor-element-755ee25 elementor-widget elementor-widget-heading\" data-id=\"755ee25\" data-element_type=\"widget\" data-widget_type=\"heading.default\">\n\t\t\t\t<div class=\"elementor-widget-container\">\n\t\t\t\t\t<h2 class=\"elementor-heading-title elementor-size-default\">\u00c0 qui s'adresse Serenity <\/h2>\t\t\t\t<\/div>\n\t\t\t\t<\/div>\n\t\t\t\t<div class=\"elementor-element elementor-element-6e2611b elementor-widget elementor-widget-text-editor\" data-id=\"6e2611b\" data-element_type=\"widget\" data-widget_type=\"text-editor.default\">\n\t\t\t\t<div class=\"elementor-widget-container\">\n\t\t\t\t\t\t\t\t\t<div class=\"page\" title=\"Page 2\"><div class=\"section\"><div class=\"layoutArea\"><div class=\"column\"><div class=\"page\" title=\"Page 3\"><div class=\"section\"><div class=\"layoutArea\"><div class=\"column\"><p>&#8211; Pour les personnes qui ont des pense\u0301es ne\u0301fastes<\/p><p>&#8211; Pour les personnes qui ont besoin de retrouver un sommeil re\u0301parateur et des re\u0302ves positifs<\/p><p>&#8211; Pour les personnes qui souhaitent laisser derrie\u0300re elles certaines addictions<\/p><p>&#8211; Pour les personnes atteintes de douleurs inflammatoires chroniques (sce\u0301lorose en plaques..) ou de la maladie d\u2019Alzheimer<\/p><\/div><\/div><\/div><\/div><\/div><\/div><\/div><\/div>\t\t\t\t\t\t\t\t<\/div>\n\t\t\t\t<\/div>\n\t\t\t\t<\/div>\n\t\t\t\t\t<\/div>\n\t\t\t\t<\/div>\n\t\t<div class=\"elementor-element elementor-element-0f32c54 e-flex e-con-boxed e-con e-parent\" data-id=\"0f32c54\" data-element_type=\"container\">\n\t\t\t\t\t<div class=\"e-con-inner\">\n\t\t<div class=\"elementor-element elementor-element-e264890 e-con-full e-flex e-con e-child\" data-id=\"e264890\" data-element_type=\"container\">\n\t\t\t\t<div class=\"elementor-element elementor-element-8f2c6bf elementor-widget elementor-widget-text-editor\" data-id=\"8f2c6bf\" data-element_type=\"widget\" data-widget_type=\"text-editor.default\">\n\t\t\t\t<div class=\"elementor-widget-container\">\n\t\t\t\t\t\t\t\t\t<p style=\"text-align: center;\">Sans Benzoate &#8211; sans sucre &#8211; sans alcool<\/p>\t\t\t\t\t\t\t\t<\/div>\n\t\t\t\t<\/div>\n\t\t\t\t<\/div>\n\t\t\t\t\t<\/div>\n\t\t\t\t<\/div>\n\t\t\t\t<\/div>\n\t\t","protected":false},"excerpt":{"rendered":"<div class=\"page\" title=\"Page 2\">\n<div class=\"section\">\n<div class=\"layoutArea\">\n<div class=\"column\">\n<p class=\"p1\" style=\"text-align: left;\"><strong>COMPL\u00c9MENT ALIMENTAIRE RICHE EN ISOLAT DE CBD, BAUME DE COPAHU, HUILE ESSENTIELLE DE M\u00c9LISSE ET D\u2019ORANGE DOUCE<span class=\"Apple-converted-space\">\u00a0<\/span><\/strong><\/p>\n<\/div>\n<\/div>\n<\/div>\n<\/div>\n<hr \/>\n<p>&nbsp;<\/p>\n<p style=\"text-align: center;\">Spray sublingual &#8211; 10 ml<\/p>\n<div class=\"page\" title=\"Page 2\">\n<div class=\"section\">\n<div class=\"layoutArea\">\n<div class=\"column\"><\/div>\n<\/div>\n<\/div>\n<\/div>\n","protected":false},"featured_media":3731,"comment_status":"open","ping_status":"closed","template":"","meta":{"ocean_post_layout":"","ocean_both_sidebars_style":"","ocean_both_sidebars_content_width":0,"ocean_both_sidebars_sidebars_width":0,"ocean_sidebar":"0","ocean_second_sidebar":"0","ocean_disable_margins":"enable","ocean_add_body_class":"","ocean_shortcode_before_top_bar":"","ocean_shortcode_after_top_bar":"","ocean_shortcode_before_header":"","ocean_shortcode_after_header":"","ocean_has_shortcode":"","ocean_shortcode_after_title":"","ocean_shortcode_before_footer_widgets":"","ocean_shortcode_after_footer_widgets":"","ocean_shortcode_before_footer_bottom":"","ocean_shortcode_after_footer_bottom":"","ocean_display_top_bar":"default","ocean_display_header":"default","ocean_header_style":"","ocean_center_header_left_menu":"0","ocean_custom_header_template":"0","ocean_custom_logo":0,"ocean_custom_retina_logo":0,"ocean_custom_logo_max_width":0,"ocean_custom_logo_tablet_max_width":0,"ocean_custom_logo_mobile_max_width":0,"ocean_custom_logo_max_height":0,"ocean_custom_logo_tablet_max_height":0,"ocean_custom_logo_mobile_max_height":0,"ocean_header_custom_menu":"0","ocean_menu_typo_font_family":"0","ocean_menu_typo_font_subset":"","ocean_menu_typo_font_size":0,"ocean_menu_typo_font_size_tablet":0,"ocean_menu_typo_font_size_mobile":0,"ocean_menu_typo_font_size_unit":"px","ocean_menu_typo_font_weight":"","ocean_menu_typo_font_weight_tablet":"","ocean_menu_typo_font_weight_mobile":"","ocean_menu_typo_transform":"","ocean_menu_typo_transform_tablet":"","ocean_menu_typo_transform_mobile":"","ocean_menu_typo_line_height":0,"ocean_menu_typo_line_height_tablet":0,"ocean_menu_typo_line_height_mobile":0,"ocean_menu_typo_line_height_unit":"","ocean_menu_typo_spacing":0,"ocean_menu_typo_spacing_tablet":0,"ocean_menu_typo_spacing_mobile":0,"ocean_menu_typo_spacing_unit":"","ocean_menu_link_color":"","ocean_menu_link_color_hover":"","ocean_menu_link_color_active":"","ocean_menu_link_background":"","ocean_menu_link_hover_background":"","ocean_menu_link_active_background":"","ocean_menu_social_links_bg":"","ocean_menu_social_hover_links_bg":"","ocean_menu_social_links_color":"","ocean_menu_social_hover_links_color":"","ocean_disable_title":"default","ocean_disable_heading":"default","ocean_post_title":"","ocean_post_subheading":"","ocean_post_title_style":"","ocean_post_title_background_color":"","ocean_post_title_background":0,"ocean_post_title_bg_image_position":"","ocean_post_title_bg_image_attachment":"","ocean_post_title_bg_image_repeat":"","ocean_post_title_bg_image_size":"","ocean_post_title_height":0,"ocean_post_title_bg_overlay":0.5,"ocean_post_title_bg_overlay_color":"","ocean_disable_breadcrumbs":"default","ocean_breadcrumbs_color":"","ocean_breadcrumbs_separator_color":"","ocean_breadcrumbs_links_color":"","ocean_breadcrumbs_links_hover_color":"","ocean_display_footer_widgets":"default","ocean_display_footer_bottom":"default","ocean_custom_footer_template":"0","ofc_enable_fullscreen":"disable","ofc_fullscreen_speed":0,"ofc_fullscreen_nav":"enable","ofc_fullscreen_nav_pos":"right","ofc_fullscreen_nav_color":"","ofc_fullscreen_nav_tooltip_color":"","ofc_fullscreen_responsive":0,"osp_disable_panel":"default"},"product_brand":[],"product_cat":[15],"product_tag":[],"class_list":{"0":"post-3730","1":"product","2":"type-product","3":"status-publish","4":"has-post-thumbnail","6":"product_cat-non-classe","7":"tm-no-options","9":"entry","10":"has-media","12":"first","13":"instock","14":"taxable","15":"shipping-taxable","16":"purchasable","17":"product-type-simple","18":"has-product-nav","19":"col","20":"span_1_of_4","21":"owp-content-center","22":"owp-thumbs-layout-horizontal","23":"owp-btn-normal","24":"owp-tabs-layout-horizontal"},"yoast_head":"<!-- This site is optimized with the Yoast SEO plugin v25.0 - https:\/\/yoast.com\/wordpress\/plugins\/seo\/ -->\n<title>SERENITY - Pure Paradise<\/title>\n<meta name=\"robots\" content=\"index, follow, max-snippet:-1, max-image-preview:large, max-video-preview:-1\" \/>\n<link rel=\"canonical\" href=\"https:\/\/pureparadise.fr\/index.php\/produit\/serenity\/\" \/>\n<meta property=\"og:locale\" content=\"fr_FR\" \/>\n<meta property=\"og:type\" content=\"article\" \/>\n<meta property=\"og:title\" content=\"SERENITY - Pure Paradise\" \/>\n<meta property=\"og:description\" content=\"COMPL\u00c9MENT ALIMENTAIRE RICHE EN ISOLAT DE CBD, BAUME DE COPAHU, HUILE ESSENTIELLE DE M\u00c9LISSE ET D\u2019ORANGE DOUCE\u00a0         &nbsp; Spray sublingual - 10 ml\" \/>\n<meta property=\"og:url\" content=\"https:\/\/pureparadise.fr\/index.php\/produit\/serenity\/\" \/>\n<meta property=\"og:site_name\" content=\"Pure Paradise\" \/>\n<meta property=\"article:modified_time\" content=\"2025-02-04T12:53:25+00:00\" \/>\n<meta property=\"og:image\" content=\"https:\/\/pureparadise.fr\/wp-content\/uploads\/2025\/01\/PP_SERENITY_01.jpg\" \/>\n\t<meta property=\"og:image:width\" content=\"1559\" \/>\n\t<meta property=\"og:image:height\" content=\"1500\" \/>\n\t<meta property=\"og:image:type\" content=\"image\/jpeg\" \/>\n<meta name=\"twitter:card\" content=\"summary_large_image\" \/>\n<meta name=\"twitter:label1\" content=\"Dur\u00e9e de lecture estim\u00e9e\" \/>\n\t<meta name=\"twitter:data1\" content=\"2 minutes\" \/>\n<script type=\"application\/ld+json\" class=\"yoast-schema-graph\">{\"@context\":\"https:\/\/schema.org\",\"@graph\":[{\"@type\":\"WebPage\",\"@id\":\"https:\/\/pureparadise.fr\/index.php\/produit\/serenity\/\",\"url\":\"https:\/\/pureparadise.fr\/index.php\/produit\/serenity\/\",\"name\":\"SERENITY - Pure Paradise\",\"isPartOf\":{\"@id\":\"https:\/\/pureparadise.fr\/#website\"},\"primaryImageOfPage\":{\"@id\":\"https:\/\/pureparadise.fr\/index.php\/produit\/serenity\/#primaryimage\"},\"image\":{\"@id\":\"https:\/\/pureparadise.fr\/index.php\/produit\/serenity\/#primaryimage\"},\"thumbnailUrl\":\"https:\/\/i0.wp.com\/pureparadise.fr\/wp-content\/uploads\/2025\/01\/PP_SERENITY_01.jpg?fit=1559%2C1500&ssl=1\",\"datePublished\":\"2025-01-13T11:44:03+00:00\",\"dateModified\":\"2025-02-04T12:53:25+00:00\",\"breadcrumb\":{\"@id\":\"https:\/\/pureparadise.fr\/index.php\/produit\/serenity\/#breadcrumb\"},\"inLanguage\":\"fr-FR\",\"potentialAction\":[{\"@type\":\"ReadAction\",\"target\":[\"https:\/\/pureparadise.fr\/index.php\/produit\/serenity\/\"]}]},{\"@type\":\"ImageObject\",\"inLanguage\":\"fr-FR\",\"@id\":\"https:\/\/pureparadise.fr\/index.php\/produit\/serenity\/#primaryimage\",\"url\":\"https:\/\/i0.wp.com\/pureparadise.fr\/wp-content\/uploads\/2025\/01\/PP_SERENITY_01.jpg?fit=1559%2C1500&ssl=1\",\"contentUrl\":\"https:\/\/i0.wp.com\/pureparadise.fr\/wp-content\/uploads\/2025\/01\/PP_SERENITY_01.jpg?fit=1559%2C1500&ssl=1\",\"width\":1559,\"height\":1500,\"caption\":\"SERENITY\"},{\"@type\":\"BreadcrumbList\",\"@id\":\"https:\/\/pureparadise.fr\/index.php\/produit\/serenity\/#breadcrumb\",\"itemListElement\":[{\"@type\":\"ListItem\",\"position\":1,\"name\":\"Accueil\",\"item\":\"https:\/\/pureparadise.fr\/\"},{\"@type\":\"ListItem\",\"position\":2,\"name\":\"Produits\",\"item\":\"https:\/\/pureparadise.fr\/index.php\/boutique\/\"},{\"@type\":\"ListItem\",\"position\":3,\"name\":\"SERENITY\"}]},{\"@type\":\"WebSite\",\"@id\":\"https:\/\/pureparadise.fr\/#website\",\"url\":\"https:\/\/pureparadise.fr\/\",\"name\":\"Pureparadise\",\"description\":\"D\u00e9couvrez votre alli\u00e9 pour vous reconnecter. Des produits con\u00e7us pour am\u00e9liorer l&#039;humeur, l&#039;\u00e9nergie et la s\u00e9r\u00e9nit\u00e9.\",\"publisher\":{\"@id\":\"https:\/\/pureparadise.fr\/#organization\"},\"potentialAction\":[{\"@type\":\"SearchAction\",\"target\":{\"@type\":\"EntryPoint\",\"urlTemplate\":\"https:\/\/pureparadise.fr\/?s={search_term_string}\"},\"query-input\":{\"@type\":\"PropertyValueSpecification\",\"valueRequired\":true,\"valueName\":\"search_term_string\"}}],\"inLanguage\":\"fr-FR\"},{\"@type\":\"Organization\",\"@id\":\"https:\/\/pureparadise.fr\/#organization\",\"name\":\"Pureparadise\",\"url\":\"https:\/\/pureparadise.fr\/\",\"logo\":{\"@type\":\"ImageObject\",\"inLanguage\":\"fr-FR\",\"@id\":\"https:\/\/pureparadise.fr\/#\/schema\/logo\/image\/\",\"url\":\"https:\/\/i0.wp.com\/pureparadise.fr\/wp-content\/uploads\/2024\/05\/NEW-PP-LOGO.jpg?fit=2084%2C2084&ssl=1\",\"contentUrl\":\"https:\/\/i0.wp.com\/pureparadise.fr\/wp-content\/uploads\/2024\/05\/NEW-PP-LOGO.jpg?fit=2084%2C2084&ssl=1\",\"width\":2084,\"height\":2084,\"caption\":\"Pureparadise\"},\"image\":{\"@id\":\"https:\/\/pureparadise.fr\/#\/schema\/logo\/image\/\"},\"sameAs\":[\"https:\/\/www.instagram.com\/pure_paradise_official\/\"]}]}<\/script>\n<!-- \/ Yoast SEO plugin. -->","yoast_head_json":{"title":"SERENITY - Pure Paradise","robots":{"index":"index","follow":"follow","max-snippet":"max-snippet:-1","max-image-preview":"max-image-preview:large","max-video-preview":"max-video-preview:-1"},"canonical":"https:\/\/pureparadise.fr\/index.php\/produit\/serenity\/","og_locale":"fr_FR","og_type":"article","og_title":"SERENITY - Pure Paradise","og_description":"COMPL\u00c9MENT ALIMENTAIRE RICHE EN ISOLAT DE CBD, BAUME DE COPAHU, HUILE ESSENTIELLE DE M\u00c9LISSE ET D\u2019ORANGE DOUCE\u00a0         &nbsp; Spray sublingual - 10 ml","og_url":"https:\/\/pureparadise.fr\/index.php\/produit\/serenity\/","og_site_name":"Pure Paradise","article_modified_time":"2025-02-04T12:53:25+00:00","og_image":[{"width":1559,"height":1500,"url":"https:\/\/pureparadise.fr\/wp-content\/uploads\/2025\/01\/PP_SERENITY_01.jpg","type":"image\/jpeg"}],"twitter_card":"summary_large_image","twitter_misc":{"Dur\u00e9e de lecture estim\u00e9e":"2 minutes"},"schema":{"@context":"https:\/\/schema.org","@graph":[{"@type":"WebPage","@id":"https:\/\/pureparadise.fr\/index.php\/produit\/serenity\/","url":"https:\/\/pureparadise.fr\/index.php\/produit\/serenity\/","name":"SERENITY - Pure Paradise","isPartOf":{"@id":"https:\/\/pureparadise.fr\/#website"},"primaryImageOfPage":{"@id":"https:\/\/pureparadise.fr\/index.php\/produit\/serenity\/#primaryimage"},"image":{"@id":"https:\/\/pureparadise.fr\/index.php\/produit\/serenity\/#primaryimage"},"thumbnailUrl":"https:\/\/i0.wp.com\/pureparadise.fr\/wp-content\/uploads\/2025\/01\/PP_SERENITY_01.jpg?fit=1559%2C1500&ssl=1","datePublished":"2025-01-13T11:44:03+00:00","dateModified":"2025-02-04T12:53:25+00:00","breadcrumb":{"@id":"https:\/\/pureparadise.fr\/index.php\/produit\/serenity\/#breadcrumb"},"inLanguage":"fr-FR","potentialAction":[{"@type":"ReadAction","target":["https:\/\/pureparadise.fr\/index.php\/produit\/serenity\/"]}]},{"@type":"ImageObject","inLanguage":"fr-FR","@id":"https:\/\/pureparadise.fr\/index.php\/produit\/serenity\/#primaryimage","url":"https:\/\/i0.wp.com\/pureparadise.fr\/wp-content\/uploads\/2025\/01\/PP_SERENITY_01.jpg?fit=1559%2C1500&ssl=1","contentUrl":"https:\/\/i0.wp.com\/pureparadise.fr\/wp-content\/uploads\/2025\/01\/PP_SERENITY_01.jpg?fit=1559%2C1500&ssl=1","width":1559,"height":1500,"caption":"SERENITY"},{"@type":"BreadcrumbList","@id":"https:\/\/pureparadise.fr\/index.php\/produit\/serenity\/#breadcrumb","itemListElement":[{"@type":"ListItem","position":1,"name":"Accueil","item":"https:\/\/pureparadise.fr\/"},{"@type":"ListItem","position":2,"name":"Produits","item":"https:\/\/pureparadise.fr\/index.php\/boutique\/"},{"@type":"ListItem","position":3,"name":"SERENITY"}]},{"@type":"WebSite","@id":"https:\/\/pureparadise.fr\/#website","url":"https:\/\/pureparadise.fr\/","name":"Pureparadise","description":"D\u00e9couvrez votre alli\u00e9 pour vous reconnecter. Des produits con\u00e7us pour am\u00e9liorer l&#039;humeur, l&#039;\u00e9nergie et la s\u00e9r\u00e9nit\u00e9.","publisher":{"@id":"https:\/\/pureparadise.fr\/#organization"},"potentialAction":[{"@type":"SearchAction","target":{"@type":"EntryPoint","urlTemplate":"https:\/\/pureparadise.fr\/?s={search_term_string}"},"query-input":{"@type":"PropertyValueSpecification","valueRequired":true,"valueName":"search_term_string"}}],"inLanguage":"fr-FR"},{"@type":"Organization","@id":"https:\/\/pureparadise.fr\/#organization","name":"Pureparadise","url":"https:\/\/pureparadise.fr\/","logo":{"@type":"ImageObject","inLanguage":"fr-FR","@id":"https:\/\/pureparadise.fr\/#\/schema\/logo\/image\/","url":"https:\/\/i0.wp.com\/pureparadise.fr\/wp-content\/uploads\/2024\/05\/NEW-PP-LOGO.jpg?fit=2084%2C2084&ssl=1","contentUrl":"https:\/\/i0.wp.com\/pureparadise.fr\/wp-content\/uploads\/2024\/05\/NEW-PP-LOGO.jpg?fit=2084%2C2084&ssl=1","width":2084,"height":2084,"caption":"Pureparadise"},"image":{"@id":"https:\/\/pureparadise.fr\/#\/schema\/logo\/image\/"},"sameAs":["https:\/\/www.instagram.com\/pure_paradise_official\/"]}]}},"jetpack_sharing_enabled":true,"_links":{"self":[{"href":"https:\/\/pureparadise.fr\/index.php\/wp-json\/wp\/v2\/product\/3730","targetHints":{"allow":["GET"]}}],"collection":[{"href":"https:\/\/pureparadise.fr\/index.php\/wp-json\/wp\/v2\/product"}],"about":[{"href":"https:\/\/pureparadise.fr\/index.php\/wp-json\/wp\/v2\/types\/product"}],"replies":[{"embeddable":true,"href":"https:\/\/pureparadise.fr\/index.php\/wp-json\/wp\/v2\/comments?post=3730"}],"version-history":[{"count":18,"href":"https:\/\/pureparadise.fr\/index.php\/wp-json\/wp\/v2\/product\/3730\/revisions"}],"predecessor-version":[{"id":4197,"href":"https:\/\/pureparadise.fr\/index.php\/wp-json\/wp\/v2\/product\/3730\/revisions\/4197"}],"wp:featuredmedia":[{"embeddable":true,"href":"https:\/\/pureparadise.fr\/index.php\/wp-json\/wp\/v2\/media\/3731"}],"wp:attachment":[{"href":"https:\/\/pureparadise.fr\/index.php\/wp-json\/wp\/v2\/media?parent=3730"}],"wp:term":[{"taxonomy":"product_brand","embeddable":true,"href":"https:\/\/pureparadise.fr\/index.php\/wp-json\/wp\/v2\/product_brand?post=3730"},{"taxonomy":"product_cat","embeddable":true,"href":"https:\/\/pureparadise.fr\/index.php\/wp-json\/wp\/v2\/product_cat?post=3730"},{"taxonomy":"product_tag","embeddable":true,"href":"https:\/\/pureparadise.fr\/index.php\/wp-json\/wp\/v2\/product_tag?post=3730"}],"curies":[{"name":"wp","href":"https:\/\/api.w.org\/{rel}","templated":true}]}}