{"id":3752,"date":"2025-01-13T14:21:43","date_gmt":"2025-01-13T14:21:43","guid":{"rendered":"https:\/\/pureparadise.fr\/?post_type=product&#038;p=3752"},"modified":"2025-02-20T10:06:16","modified_gmt":"2025-02-20T10:06:16","slug":"pure-mindt","status":"publish","type":"product","link":"https:\/\/pureparadise.fr\/index.php\/produit\/pure-mindt\/","title":{"rendered":"PURE MINDT"},"content":{"rendered":"\t\t<div data-elementor-type=\"product-post\" data-elementor-id=\"3752\" class=\"elementor elementor-3752\" data-elementor-post-type=\"product\">\n\t\t\t\t<div class=\"elementor-element elementor-element-47eeb70a e-flex e-con-boxed e-con e-parent\" data-id=\"47eeb70a\" data-element_type=\"container\">\n\t\t\t\t\t<div class=\"e-con-inner\">\n\t\t\t\t<div class=\"elementor-element elementor-element-129f4b4b elementor-widget elementor-widget-text-editor\" data-id=\"129f4b4b\" data-element_type=\"widget\" data-widget_type=\"text-editor.default\">\n\t\t\t\t<div class=\"elementor-widget-container\">\n\t\t\t\t\t\t\t\t\t<div title=\"Page 2\"><div title=\"Page 3\"><div class=\"page\" title=\"Page 6\"><div class=\"section\"><div class=\"layoutArea\"><div class=\"column\"><div class=\"page\" title=\"Page 7\"><div class=\"section\"><div class=\"layoutArea\"><div class=\"column\"><p>Notre spray <strong>Pure Mindt<\/strong> a e\u0301te\u0301 pense\u0301 comme une be\u0301quille de poche. Discret, efficace instantane\u0301 et 100 % naturel, <strong>Pure Mindt<\/strong> favorise la se\u0301re\u0301nite\u0301 et le bien e\u0302tre imme\u0301diatement. Il est aussi utile pendant les diffe\u0301rentes pe\u0301riodes de sevrage (tabac, grignotage&#8230;) en re\u0301duisant les envies non-de\u0301sire\u0301es.<\/p><p>Le me\u0301lange<em> Pure Paradise Blend<\/em> associe\u0301 au<em> CBD\/CBG<\/em>, aide a\u0300 chasser les e\u0301motions ne\u0301gatives et vous e\u0301paule pour trouver un sommeil reposant.<\/p><p>Ce spray est pre\u0301conise\u0301 aussi en cas de crises de panique, crises d\u2019angoisse, forte anxie\u0301te\u0301. Son action imme\u0301diate permet de vous de\u0301tendre et de vous calmer instantane\u0301ment.<\/p><\/div><\/div><\/div><\/div><\/div><\/div><\/div><\/div><\/div><\/div>\t\t\t\t\t\t\t\t<\/div>\n\t\t\t\t<\/div>\n\t\t\t\t\t<\/div>\n\t\t\t\t<\/div>\n\t\t<div class=\"elementor-element elementor-element-050e457 e-flex e-con-boxed e-con e-parent\" data-id=\"050e457\" data-element_type=\"container\">\n\t\t\t\t\t<div class=\"e-con-inner\">\n\t\t<div class=\"elementor-element elementor-element-51cfad8 e-con-full e-flex e-con e-child\" data-id=\"51cfad8\" data-element_type=\"container\">\n\t\t\t\t<div class=\"elementor-element elementor-element-556a39b elementor-widget elementor-widget-heading\" data-id=\"556a39b\" data-element_type=\"widget\" data-widget_type=\"heading.default\">\n\t\t\t\t<div class=\"elementor-widget-container\">\n\t\t\t\t\t<h2 class=\"elementor-heading-title elementor-size-default\">Spray action calmante imm\u00e9diate<\/h2>\t\t\t\t<\/div>\n\t\t\t\t<\/div>\n\t\t\t\t<\/div>\n\t\t\t\t<div class=\"elementor-element elementor-element-24d4248 elementor-widget-divider--view-line elementor-widget elementor-widget-divider\" data-id=\"24d4248\" data-element_type=\"widget\" data-widget_type=\"divider.default\">\n\t\t\t\t<div class=\"elementor-widget-container\">\n\t\t\t\t\t\t\t<div class=\"elementor-divider\">\n\t\t\t<span class=\"elementor-divider-separator\">\n\t\t\t\t\t\t<\/span>\n\t\t<\/div>\n\t\t\t\t\t\t<\/div>\n\t\t\t\t<\/div>\n\t\t<div class=\"elementor-element elementor-element-07b0584 e-grid e-con-full e-con e-child\" data-id=\"07b0584\" data-element_type=\"container\">\n\t\t\t\t<div class=\"elementor-element elementor-element-9f807f2 elementor-widget elementor-widget-text-editor\" data-id=\"9f807f2\" data-element_type=\"widget\" data-widget_type=\"text-editor.default\">\n\t\t\t\t<div class=\"elementor-widget-container\">\n\t\t\t\t\t\t\t\t\t<div class=\"page\" title=\"Page 6\"><div class=\"section\"><div class=\"layoutArea\"><div class=\"column\"><div class=\"page\" title=\"Page 7\"><div class=\"section\"><div class=\"layoutArea\"><div class=\"column\"><p><strong>prise dans l&rsquo;instant o\u00f9 le besoin se fait ressentir<\/strong><\/p><\/div><\/div><\/div><\/div><\/div><\/div><\/div><\/div>\t\t\t\t\t\t\t\t<\/div>\n\t\t\t\t<\/div>\n\t\t\t\t<div class=\"elementor-element elementor-element-55dbc33 elementor-widget elementor-widget-text-editor\" data-id=\"55dbc33\" data-element_type=\"widget\" data-widget_type=\"text-editor.default\">\n\t\t\t\t<div class=\"elementor-widget-container\">\n\t\t\t\t\t\t\t\t\t<div class=\"page\" title=\"Page 2\"><div class=\"section\"><div class=\"layoutArea\"><div class=\"column\"><div class=\"page\" title=\"Page 3\"><div class=\"section\"><div class=\"layoutArea\"><div class=\"column\"><div class=\"page\" title=\"Page 6\"><div class=\"section\"><div class=\"layoutArea\"><div class=\"column\"><div class=\"page\" title=\"Page 7\"><div class=\"section\"><div class=\"layoutArea\"><div class=\"column\"><p><strong>3 spray sous la langue de\u0300s que le besoin s\u2019en fait ressentir, garder en bouche 30 sec avant d\u2019avaler<\/strong><\/p><\/div><\/div><\/div><\/div><\/div><\/div><\/div><\/div><\/div><\/div><\/div><\/div><\/div><\/div><\/div><\/div>\t\t\t\t\t\t\t\t<\/div>\n\t\t\t\t<\/div>\n\t\t\t\t<div class=\"elementor-element elementor-element-4a41240 elementor-widget elementor-widget-text-editor\" data-id=\"4a41240\" data-element_type=\"widget\" data-widget_type=\"text-editor.default\">\n\t\t\t\t<div class=\"elementor-widget-container\">\n\t\t\t\t\t\t\t\t\t<div class=\"page\" title=\"Page 3\"><div class=\"section\"><div class=\"layoutArea\"><div class=\"column\"><p><strong>utilisation sur le moyen\/long terme pour aider dans le sevrage<\/strong><\/p><\/div><\/div><\/div><\/div>\t\t\t\t\t\t\t\t<\/div>\n\t\t\t\t<\/div>\n\t\t\t\t<\/div>\n\t\t\t\t<div class=\"elementor-element elementor-element-c6f89b3 elementor-widget-divider--view-line elementor-widget elementor-widget-divider\" data-id=\"c6f89b3\" data-element_type=\"widget\" data-widget_type=\"divider.default\">\n\t\t\t\t<div class=\"elementor-widget-container\">\n\t\t\t\t\t\t\t<div class=\"elementor-divider\">\n\t\t\t<span class=\"elementor-divider-separator\">\n\t\t\t\t\t\t<\/span>\n\t\t<\/div>\n\t\t\t\t\t\t<\/div>\n\t\t\t\t<\/div>\n\t\t\t\t\t<\/div>\n\t\t\t\t<\/div>\n\t\t<div class=\"elementor-element elementor-element-e140fa5 e-flex e-con-boxed e-con e-parent\" data-id=\"e140fa5\" data-element_type=\"container\">\n\t\t\t\t\t<div class=\"e-con-inner\">\n\t\t<div class=\"elementor-element elementor-element-a710ee4 e-con-full e-flex e-con e-child\" data-id=\"a710ee4\" data-element_type=\"container\">\n\t\t\t\t<div class=\"elementor-element elementor-element-5d80579 elementor-widget elementor-widget-heading\" data-id=\"5d80579\" data-element_type=\"widget\" data-widget_type=\"heading.default\">\n\t\t\t\t<div class=\"elementor-widget-container\">\n\t\t\t\t\t<h2 class=\"elementor-heading-title elementor-size-default\">Les bienfaits<\/h2>\t\t\t\t<\/div>\n\t\t\t\t<\/div>\n\t\t\t\t<div class=\"elementor-element elementor-element-24f0cc6 elementor-widget elementor-widget-text-editor\" data-id=\"24f0cc6\" data-element_type=\"widget\" data-widget_type=\"text-editor.default\">\n\t\t\t\t<div class=\"elementor-widget-container\">\n\t\t\t\t\t\t\t\t\t<div class=\"page\" title=\"Page 2\"><div class=\"section\"><div class=\"layoutArea\"><div class=\"column\"><p>&#8211; Apporte un r\u00e9confort instantan\u00e9<\/p><p>&#8211; \u00c9paule pour trouver un sommeil reposant<\/p><p>&#8211; Aide \u00e0 r\u00e9duire les envies non d\u00e9sir\u00e9es. (Grignotages, tabac &#8230;)<\/p><p>&#8211; Aide \u00e0 stopper imm\u00e9diatement les \u00e9motions n\u00e9gatives<\/p><\/div><\/div><\/div><\/div>\t\t\t\t\t\t\t\t<\/div>\n\t\t\t\t<\/div>\n\t\t\t\t<\/div>\n\t\t<div class=\"elementor-element elementor-element-342f04e e-con-full e-flex e-con e-child\" data-id=\"342f04e\" data-element_type=\"container\">\n\t\t\t\t<div class=\"elementor-element elementor-element-755ee25 elementor-widget elementor-widget-heading\" data-id=\"755ee25\" data-element_type=\"widget\" data-widget_type=\"heading.default\">\n\t\t\t\t<div class=\"elementor-widget-container\">\n\t\t\t\t\t<h2 class=\"elementor-heading-title elementor-size-default\">\u00c0 qui s'adresse Pure Mindt<\/h2>\t\t\t\t<\/div>\n\t\t\t\t<\/div>\n\t\t\t\t<div class=\"elementor-element elementor-element-6e2611b elementor-widget elementor-widget-text-editor\" data-id=\"6e2611b\" data-element_type=\"widget\" data-widget_type=\"text-editor.default\">\n\t\t\t\t<div class=\"elementor-widget-container\">\n\t\t\t\t\t\t\t\t\t<div class=\"page\" title=\"Page 2\"><div class=\"section\"><div class=\"layoutArea\"><div class=\"column\"><div class=\"page\" title=\"Page 3\"><div class=\"section\"><div class=\"layoutArea\"><div class=\"column\"><div class=\"page\" title=\"Page 6\"><div class=\"section\"><div class=\"layoutArea\"><div class=\"column\"><div class=\"page\" title=\"Page 7\"><p>&#8211; Pour les personnes sujettes aux crises d\u2019angoisse et de panique<\/p><p>&#8211; Pour les personnes qui souhaitent arre\u0302ter le tabac<\/p><p>&#8211; Pour les personnes\u00a0qui veulent arreter de manger leurs \u00e9motions<\/p><\/div><\/div><\/div><\/div><\/div><\/div><\/div><\/div><\/div><\/div><\/div><\/div><\/div>\t\t\t\t\t\t\t\t<\/div>\n\t\t\t\t<\/div>\n\t\t\t\t<\/div>\n\t\t\t\t\t<\/div>\n\t\t\t\t<\/div>\n\t\t<div class=\"elementor-element elementor-element-b0001f8 e-flex e-con-boxed e-con e-parent\" data-id=\"b0001f8\" data-element_type=\"container\">\n\t\t\t\t\t<div class=\"e-con-inner\">\n\t\t<div class=\"elementor-element elementor-element-4c8d0e1 e-con-full e-flex e-con e-child\" data-id=\"4c8d0e1\" data-element_type=\"container\">\n\t\t\t\t<div class=\"elementor-element elementor-element-07c757f elementor-widget elementor-widget-text-editor\" data-id=\"07c757f\" data-element_type=\"widget\" data-widget_type=\"text-editor.default\">\n\t\t\t\t<div class=\"elementor-widget-container\">\n\t\t\t\t\t\t\t\t\t<p style=\"text-align: center;\"><strong> INTERDIT AUX MINEURS ET FEMMES ENCEINTES<\/strong><\/p>\t\t\t\t\t\t\t\t<\/div>\n\t\t\t\t<\/div>\n\t\t\t\t<\/div>\n\t\t\t\t\t<\/div>\n\t\t\t\t<\/div>\n\t\t\t\t<\/div>\n\t\t","protected":false},"excerpt":{"rendered":"<div class=\"page\" title=\"Page 2\">\n<div class=\"section\">\n<div class=\"layoutArea\">\n<div class=\"column\">\n<p class=\"p1\" style=\"text-align: left;\"><strong>SPRAY AUX EXTRAITS DU PURE PARADISE BLEND ET CBD &amp; CBG<span class=\"Apple-converted-space\">\u00a0<\/span><\/strong><\/p>\n<\/div>\n<\/div>\n<\/div>\n<\/div>\n<hr \/>\n<p>&nbsp;<\/p>\n<p style=\"text-align: center;\">Spray sublingual hydro-alcoolique &#8211; 10 ml<br \/>\nGo\u00fbt Original ou Mintas<\/p>\n","protected":false},"featured_media":3753,"comment_status":"open","ping_status":"closed","template":"","meta":{"ocean_post_layout":"","ocean_both_sidebars_style":"","ocean_both_sidebars_content_width":0,"ocean_both_sidebars_sidebars_width":0,"ocean_sidebar":"0","ocean_second_sidebar":"0","ocean_disable_margins":"enable","ocean_add_body_class":"","ocean_shortcode_before_top_bar":"","ocean_shortcode_after_top_bar":"","ocean_shortcode_before_header":"","ocean_shortcode_after_header":"","ocean_has_shortcode":"","ocean_shortcode_after_title":"","ocean_shortcode_before_footer_widgets":"","ocean_shortcode_after_footer_widgets":"","ocean_shortcode_before_footer_bottom":"","ocean_shortcode_after_footer_bottom":"","ocean_display_top_bar":"default","ocean_display_header":"default","ocean_header_style":"","ocean_center_header_left_menu":"0","ocean_custom_header_template":"0","ocean_custom_logo":0,"ocean_custom_retina_logo":0,"ocean_custom_logo_max_width":0,"ocean_custom_logo_tablet_max_width":0,"ocean_custom_logo_mobile_max_width":0,"ocean_custom_logo_max_height":0,"ocean_custom_logo_tablet_max_height":0,"ocean_custom_logo_mobile_max_height":0,"ocean_header_custom_menu":"0","ocean_menu_typo_font_family":"0","ocean_menu_typo_font_subset":"","ocean_menu_typo_font_size":0,"ocean_menu_typo_font_size_tablet":0,"ocean_menu_typo_font_size_mobile":0,"ocean_menu_typo_font_size_unit":"px","ocean_menu_typo_font_weight":"","ocean_menu_typo_font_weight_tablet":"","ocean_menu_typo_font_weight_mobile":"","ocean_menu_typo_transform":"","ocean_menu_typo_transform_tablet":"","ocean_menu_typo_transform_mobile":"","ocean_menu_typo_line_height":0,"ocean_menu_typo_line_height_tablet":0,"ocean_menu_typo_line_height_mobile":0,"ocean_menu_typo_line_height_unit":"","ocean_menu_typo_spacing":0,"ocean_menu_typo_spacing_tablet":0,"ocean_menu_typo_spacing_mobile":0,"ocean_menu_typo_spacing_unit":"","ocean_menu_link_color":"","ocean_menu_link_color_hover":"","ocean_menu_link_color_active":"","ocean_menu_link_background":"","ocean_menu_link_hover_background":"","ocean_menu_link_active_background":"","ocean_menu_social_links_bg":"","ocean_menu_social_hover_links_bg":"","ocean_menu_social_links_color":"","ocean_menu_social_hover_links_color":"","ocean_disable_title":"default","ocean_disable_heading":"default","ocean_post_title":"","ocean_post_subheading":"","ocean_post_title_style":"","ocean_post_title_background_color":"","ocean_post_title_background":0,"ocean_post_title_bg_image_position":"","ocean_post_title_bg_image_attachment":"","ocean_post_title_bg_image_repeat":"","ocean_post_title_bg_image_size":"","ocean_post_title_height":0,"ocean_post_title_bg_overlay":0.5,"ocean_post_title_bg_overlay_color":"","ocean_disable_breadcrumbs":"default","ocean_breadcrumbs_color":"","ocean_breadcrumbs_separator_color":"","ocean_breadcrumbs_links_color":"","ocean_breadcrumbs_links_hover_color":"","ocean_display_footer_widgets":"default","ocean_display_footer_bottom":"default","ocean_custom_footer_template":"0","ofc_enable_fullscreen":"disable","ofc_fullscreen_speed":0,"ofc_fullscreen_nav":"enable","ofc_fullscreen_nav_pos":"right","ofc_fullscreen_nav_color":"","ofc_fullscreen_nav_tooltip_color":"","ofc_fullscreen_responsive":0,"osp_disable_panel":"default"},"product_brand":[],"product_cat":[15],"product_tag":[],"class_list":{"0":"post-3752","1":"product","2":"type-product","3":"status-publish","4":"has-post-thumbnail","6":"product_cat-non-classe","7":"tm-no-options","9":"entry","10":"has-media","12":"first","13":"instock","14":"taxable","15":"shipping-taxable","16":"purchasable","17":"product-type-simple","18":"has-product-nav","19":"col","20":"span_1_of_4","21":"owp-content-center","22":"owp-thumbs-layout-horizontal","23":"owp-btn-normal","24":"owp-tabs-layout-horizontal"},"yoast_head":"<!-- This site is optimized with the Yoast SEO plugin v25.0 - https:\/\/yoast.com\/wordpress\/plugins\/seo\/ -->\n<title>PURE MINDT - Pure Paradise<\/title>\n<meta name=\"robots\" content=\"index, follow, max-snippet:-1, max-image-preview:large, max-video-preview:-1\" \/>\n<link rel=\"canonical\" href=\"https:\/\/pureparadise.fr\/index.php\/produit\/pure-mindt\/\" \/>\n<meta property=\"og:locale\" content=\"fr_FR\" \/>\n<meta property=\"og:type\" content=\"article\" \/>\n<meta property=\"og:title\" content=\"PURE MINDT - Pure Paradise\" \/>\n<meta property=\"og:description\" content=\"SPRAY AUX EXTRAITS DU PURE PARADISE BLEND ET CBD &amp; CBG\u00a0         &nbsp; Spray sublingual hydro-alcoolique - 10 ml Go\u00fbt Original ou Mintas\" \/>\n<meta property=\"og:url\" content=\"https:\/\/pureparadise.fr\/index.php\/produit\/pure-mindt\/\" \/>\n<meta property=\"og:site_name\" content=\"Pure Paradise\" \/>\n<meta property=\"article:modified_time\" content=\"2025-02-20T10:06:16+00:00\" \/>\n<meta property=\"og:image\" content=\"https:\/\/pureparadise.fr\/wp-content\/uploads\/2025\/01\/PP_PUREMINDTMIN_01.jpg\" \/>\n\t<meta property=\"og:image:width\" content=\"1600\" \/>\n\t<meta property=\"og:image:height\" content=\"1600\" \/>\n\t<meta property=\"og:image:type\" content=\"image\/jpeg\" \/>\n<meta name=\"twitter:card\" content=\"summary_large_image\" \/>\n<script type=\"application\/ld+json\" class=\"yoast-schema-graph\">{\"@context\":\"https:\/\/schema.org\",\"@graph\":[{\"@type\":\"WebPage\",\"@id\":\"https:\/\/pureparadise.fr\/index.php\/produit\/pure-mindt\/\",\"url\":\"https:\/\/pureparadise.fr\/index.php\/produit\/pure-mindt\/\",\"name\":\"PURE MINDT - Pure Paradise\",\"isPartOf\":{\"@id\":\"https:\/\/pureparadise.fr\/#website\"},\"primaryImageOfPage\":{\"@id\":\"https:\/\/pureparadise.fr\/index.php\/produit\/pure-mindt\/#primaryimage\"},\"image\":{\"@id\":\"https:\/\/pureparadise.fr\/index.php\/produit\/pure-mindt\/#primaryimage\"},\"thumbnailUrl\":\"https:\/\/i0.wp.com\/pureparadise.fr\/wp-content\/uploads\/2025\/01\/PP_PUREMINDTMIN_01.jpg?fit=1600%2C1600&ssl=1\",\"datePublished\":\"2025-01-13T14:21:43+00:00\",\"dateModified\":\"2025-02-20T10:06:16+00:00\",\"breadcrumb\":{\"@id\":\"https:\/\/pureparadise.fr\/index.php\/produit\/pure-mindt\/#breadcrumb\"},\"inLanguage\":\"fr-FR\",\"potentialAction\":[{\"@type\":\"ReadAction\",\"target\":[\"https:\/\/pureparadise.fr\/index.php\/produit\/pure-mindt\/\"]}]},{\"@type\":\"ImageObject\",\"inLanguage\":\"fr-FR\",\"@id\":\"https:\/\/pureparadise.fr\/index.php\/produit\/pure-mindt\/#primaryimage\",\"url\":\"https:\/\/i0.wp.com\/pureparadise.fr\/wp-content\/uploads\/2025\/01\/PP_PUREMINDTMIN_01.jpg?fit=1600%2C1600&ssl=1\",\"contentUrl\":\"https:\/\/i0.wp.com\/pureparadise.fr\/wp-content\/uploads\/2025\/01\/PP_PUREMINDTMIN_01.jpg?fit=1600%2C1600&ssl=1\",\"width\":1600,\"height\":1600,\"caption\":\"PURE MINDT\"},{\"@type\":\"BreadcrumbList\",\"@id\":\"https:\/\/pureparadise.fr\/index.php\/produit\/pure-mindt\/#breadcrumb\",\"itemListElement\":[{\"@type\":\"ListItem\",\"position\":1,\"name\":\"Accueil\",\"item\":\"https:\/\/pureparadise.fr\/\"},{\"@type\":\"ListItem\",\"position\":2,\"name\":\"Produits\",\"item\":\"https:\/\/pureparadise.fr\/index.php\/boutique\/\"},{\"@type\":\"ListItem\",\"position\":3,\"name\":\"PURE MINDT\"}]},{\"@type\":\"WebSite\",\"@id\":\"https:\/\/pureparadise.fr\/#website\",\"url\":\"https:\/\/pureparadise.fr\/\",\"name\":\"Pureparadise\",\"description\":\"D\u00e9couvrez votre alli\u00e9 pour vous reconnecter. Des produits con\u00e7us pour am\u00e9liorer l&#039;humeur, l&#039;\u00e9nergie et la s\u00e9r\u00e9nit\u00e9.\",\"publisher\":{\"@id\":\"https:\/\/pureparadise.fr\/#organization\"},\"potentialAction\":[{\"@type\":\"SearchAction\",\"target\":{\"@type\":\"EntryPoint\",\"urlTemplate\":\"https:\/\/pureparadise.fr\/?s={search_term_string}\"},\"query-input\":{\"@type\":\"PropertyValueSpecification\",\"valueRequired\":true,\"valueName\":\"search_term_string\"}}],\"inLanguage\":\"fr-FR\"},{\"@type\":\"Organization\",\"@id\":\"https:\/\/pureparadise.fr\/#organization\",\"name\":\"Pureparadise\",\"url\":\"https:\/\/pureparadise.fr\/\",\"logo\":{\"@type\":\"ImageObject\",\"inLanguage\":\"fr-FR\",\"@id\":\"https:\/\/pureparadise.fr\/#\/schema\/logo\/image\/\",\"url\":\"https:\/\/i0.wp.com\/pureparadise.fr\/wp-content\/uploads\/2024\/05\/NEW-PP-LOGO.jpg?fit=2084%2C2084&ssl=1\",\"contentUrl\":\"https:\/\/i0.wp.com\/pureparadise.fr\/wp-content\/uploads\/2024\/05\/NEW-PP-LOGO.jpg?fit=2084%2C2084&ssl=1\",\"width\":2084,\"height\":2084,\"caption\":\"Pureparadise\"},\"image\":{\"@id\":\"https:\/\/pureparadise.fr\/#\/schema\/logo\/image\/\"},\"sameAs\":[\"https:\/\/www.instagram.com\/pure_paradise_official\/\"]}]}<\/script>\n<!-- \/ Yoast SEO plugin. -->","yoast_head_json":{"title":"PURE MINDT - Pure Paradise","robots":{"index":"index","follow":"follow","max-snippet":"max-snippet:-1","max-image-preview":"max-image-preview:large","max-video-preview":"max-video-preview:-1"},"canonical":"https:\/\/pureparadise.fr\/index.php\/produit\/pure-mindt\/","og_locale":"fr_FR","og_type":"article","og_title":"PURE MINDT - Pure Paradise","og_description":"SPRAY AUX EXTRAITS DU PURE PARADISE BLEND ET CBD &amp; CBG\u00a0         &nbsp; Spray sublingual hydro-alcoolique - 10 ml Go\u00fbt Original ou Mintas","og_url":"https:\/\/pureparadise.fr\/index.php\/produit\/pure-mindt\/","og_site_name":"Pure Paradise","article_modified_time":"2025-02-20T10:06:16+00:00","og_image":[{"width":1600,"height":1600,"url":"https:\/\/pureparadise.fr\/wp-content\/uploads\/2025\/01\/PP_PUREMINDTMIN_01.jpg","type":"image\/jpeg"}],"twitter_card":"summary_large_image","schema":{"@context":"https:\/\/schema.org","@graph":[{"@type":"WebPage","@id":"https:\/\/pureparadise.fr\/index.php\/produit\/pure-mindt\/","url":"https:\/\/pureparadise.fr\/index.php\/produit\/pure-mindt\/","name":"PURE MINDT - Pure Paradise","isPartOf":{"@id":"https:\/\/pureparadise.fr\/#website"},"primaryImageOfPage":{"@id":"https:\/\/pureparadise.fr\/index.php\/produit\/pure-mindt\/#primaryimage"},"image":{"@id":"https:\/\/pureparadise.fr\/index.php\/produit\/pure-mindt\/#primaryimage"},"thumbnailUrl":"https:\/\/i0.wp.com\/pureparadise.fr\/wp-content\/uploads\/2025\/01\/PP_PUREMINDTMIN_01.jpg?fit=1600%2C1600&ssl=1","datePublished":"2025-01-13T14:21:43+00:00","dateModified":"2025-02-20T10:06:16+00:00","breadcrumb":{"@id":"https:\/\/pureparadise.fr\/index.php\/produit\/pure-mindt\/#breadcrumb"},"inLanguage":"fr-FR","potentialAction":[{"@type":"ReadAction","target":["https:\/\/pureparadise.fr\/index.php\/produit\/pure-mindt\/"]}]},{"@type":"ImageObject","inLanguage":"fr-FR","@id":"https:\/\/pureparadise.fr\/index.php\/produit\/pure-mindt\/#primaryimage","url":"https:\/\/i0.wp.com\/pureparadise.fr\/wp-content\/uploads\/2025\/01\/PP_PUREMINDTMIN_01.jpg?fit=1600%2C1600&ssl=1","contentUrl":"https:\/\/i0.wp.com\/pureparadise.fr\/wp-content\/uploads\/2025\/01\/PP_PUREMINDTMIN_01.jpg?fit=1600%2C1600&ssl=1","width":1600,"height":1600,"caption":"PURE MINDT"},{"@type":"BreadcrumbList","@id":"https:\/\/pureparadise.fr\/index.php\/produit\/pure-mindt\/#breadcrumb","itemListElement":[{"@type":"ListItem","position":1,"name":"Accueil","item":"https:\/\/pureparadise.fr\/"},{"@type":"ListItem","position":2,"name":"Produits","item":"https:\/\/pureparadise.fr\/index.php\/boutique\/"},{"@type":"ListItem","position":3,"name":"PURE MINDT"}]},{"@type":"WebSite","@id":"https:\/\/pureparadise.fr\/#website","url":"https:\/\/pureparadise.fr\/","name":"Pureparadise","description":"D\u00e9couvrez votre alli\u00e9 pour vous reconnecter. Des produits con\u00e7us pour am\u00e9liorer l&#039;humeur, l&#039;\u00e9nergie et la s\u00e9r\u00e9nit\u00e9.","publisher":{"@id":"https:\/\/pureparadise.fr\/#organization"},"potentialAction":[{"@type":"SearchAction","target":{"@type":"EntryPoint","urlTemplate":"https:\/\/pureparadise.fr\/?s={search_term_string}"},"query-input":{"@type":"PropertyValueSpecification","valueRequired":true,"valueName":"search_term_string"}}],"inLanguage":"fr-FR"},{"@type":"Organization","@id":"https:\/\/pureparadise.fr\/#organization","name":"Pureparadise","url":"https:\/\/pureparadise.fr\/","logo":{"@type":"ImageObject","inLanguage":"fr-FR","@id":"https:\/\/pureparadise.fr\/#\/schema\/logo\/image\/","url":"https:\/\/i0.wp.com\/pureparadise.fr\/wp-content\/uploads\/2024\/05\/NEW-PP-LOGO.jpg?fit=2084%2C2084&ssl=1","contentUrl":"https:\/\/i0.wp.com\/pureparadise.fr\/wp-content\/uploads\/2024\/05\/NEW-PP-LOGO.jpg?fit=2084%2C2084&ssl=1","width":2084,"height":2084,"caption":"Pureparadise"},"image":{"@id":"https:\/\/pureparadise.fr\/#\/schema\/logo\/image\/"},"sameAs":["https:\/\/www.instagram.com\/pure_paradise_official\/"]}]}},"jetpack_sharing_enabled":true,"_links":{"self":[{"href":"https:\/\/pureparadise.fr\/index.php\/wp-json\/wp\/v2\/product\/3752","targetHints":{"allow":["GET"]}}],"collection":[{"href":"https:\/\/pureparadise.fr\/index.php\/wp-json\/wp\/v2\/product"}],"about":[{"href":"https:\/\/pureparadise.fr\/index.php\/wp-json\/wp\/v2\/types\/product"}],"replies":[{"embeddable":true,"href":"https:\/\/pureparadise.fr\/index.php\/wp-json\/wp\/v2\/comments?post=3752"}],"version-history":[{"count":18,"href":"https:\/\/pureparadise.fr\/index.php\/wp-json\/wp\/v2\/product\/3752\/revisions"}],"predecessor-version":[{"id":4354,"href":"https:\/\/pureparadise.fr\/index.php\/wp-json\/wp\/v2\/product\/3752\/revisions\/4354"}],"wp:featuredmedia":[{"embeddable":true,"href":"https:\/\/pureparadise.fr\/index.php\/wp-json\/wp\/v2\/media\/3753"}],"wp:attachment":[{"href":"https:\/\/pureparadise.fr\/index.php\/wp-json\/wp\/v2\/media?parent=3752"}],"wp:term":[{"taxonomy":"product_brand","embeddable":true,"href":"https:\/\/pureparadise.fr\/index.php\/wp-json\/wp\/v2\/product_brand?post=3752"},{"taxonomy":"product_cat","embeddable":true,"href":"https:\/\/pureparadise.fr\/index.php\/wp-json\/wp\/v2\/product_cat?post=3752"},{"taxonomy":"product_tag","embeddable":true,"href":"https:\/\/pureparadise.fr\/index.php\/wp-json\/wp\/v2\/product_tag?post=3752"}],"curies":[{"name":"wp","href":"https:\/\/api.w.org\/{rel}","templated":true}]}}