{"id":3771,"date":"2025-01-13T15:26:53","date_gmt":"2025-01-13T15:26:53","guid":{"rendered":"https:\/\/pureparadise.fr\/?post_type=product&#038;p=3771"},"modified":"2025-02-12T10:43:38","modified_gmt":"2025-02-12T10:43:38","slug":"for-women","status":"publish","type":"product","link":"https:\/\/pureparadise.fr\/index.php\/produit\/for-women\/","title":{"rendered":"FOR WOMEN"},"content":{"rendered":"\t\t<div data-elementor-type=\"product-post\" data-elementor-id=\"3771\" class=\"elementor elementor-3771\" data-elementor-post-type=\"product\">\n\t\t\t\t<div class=\"elementor-element elementor-element-47eeb70a e-flex e-con-boxed e-con e-parent\" data-id=\"47eeb70a\" data-element_type=\"container\">\n\t\t\t\t\t<div class=\"e-con-inner\">\n\t\t\t\t<div class=\"elementor-element elementor-element-129f4b4b elementor-widget elementor-widget-text-editor\" data-id=\"129f4b4b\" data-element_type=\"widget\" data-widget_type=\"text-editor.default\">\n\t\t\t\t<div class=\"elementor-widget-container\">\n\t\t\t\t\t\t\t\t\t<div class=\"page\" title=\"Page 2\"><div class=\"section\"><div class=\"layoutArea\"><div class=\"column\"><div class=\"page\" title=\"Page 4\"><div class=\"section\"><div class=\"layoutArea\"><div class=\"column\"><p class=\"p1\">Les \u0153strog\u00e8nes chutent \u00e0 partir de 35 ans, ce qui entra\u00eenent entre autres, des pertes de m\u00e9moire, des sueurs nocturnes, des bouff\u00e9es de chaleurs, et l&rsquo;irritabilit\u00e9&#8230; La pr\u00e9-m\u00e9nopause ou la m\u00e9nopause sont des p\u00e9riodes complexes \u00e0 g\u00e9rer en tant que femme, aussi nous avons souhait\u00e9 d\u00e9velopper <strong>Pure Paradise For Women<\/strong>, un compl\u00e9ment alimentaire \u00e0 base de plantes (<em>Sauge, Ashwagandha, Basilic sacr\u00e9<\/em>) afin de travailler la f\u00e9minit\u00e9 globalement.<span class=\"Apple-converted-space\">\u00a0<\/span><\/p><p class=\"p1\">La <em>Sauge<\/em> permet de faire diminuer la transpiration et les bouff\u00e9es de chaleurs d\u00e9sagr\u00e9ables. <em>L\u2019Ashwagandha<\/em> et le <em>Basilic sacr\u00e9<\/em> vont aider le corps \u00e0 s\u2019adapter au stress tout en redonnant de l\u2019\u00e9nergie vitale.<span class=\"Apple-converted-space\">\u00a0<\/span><\/p><\/div><\/div><\/div><\/div><\/div><\/div><\/div><\/div>\t\t\t\t\t\t\t\t<\/div>\n\t\t\t\t<\/div>\n\t\t\t\t\t<\/div>\n\t\t\t\t<\/div>\n\t\t<div class=\"elementor-element elementor-element-050e457 e-flex e-con-boxed e-con e-parent\" data-id=\"050e457\" data-element_type=\"container\">\n\t\t\t\t\t<div class=\"e-con-inner\">\n\t\t<div class=\"elementor-element elementor-element-51cfad8 e-con-full e-flex e-con e-child\" data-id=\"51cfad8\" data-element_type=\"container\">\n\t\t\t\t<div class=\"elementor-element elementor-element-556a39b elementor-widget elementor-widget-heading\" data-id=\"556a39b\" data-element_type=\"widget\" data-widget_type=\"heading.default\">\n\t\t\t\t<div class=\"elementor-widget-container\">\n\t\t\t\t\t<h2 class=\"elementor-heading-title elementor-size-default\">G\u00e9lules v\u00e9g\u00e9tales \u00e0 prendre afin de retrouver sa f\u00e9minit\u00e9 sacr\u00e9e<\/h2>\t\t\t\t<\/div>\n\t\t\t\t<\/div>\n\t\t\t\t<\/div>\n\t\t\t\t<div class=\"elementor-element elementor-element-24d4248 elementor-widget-divider--view-line elementor-widget elementor-widget-divider\" data-id=\"24d4248\" data-element_type=\"widget\" data-widget_type=\"divider.default\">\n\t\t\t\t<div class=\"elementor-widget-container\">\n\t\t\t\t\t\t\t<div class=\"elementor-divider\">\n\t\t\t<span class=\"elementor-divider-separator\">\n\t\t\t\t\t\t<\/span>\n\t\t<\/div>\n\t\t\t\t\t\t<\/div>\n\t\t\t\t<\/div>\n\t\t<div class=\"elementor-element elementor-element-07b0584 e-grid e-con-full e-con e-child\" data-id=\"07b0584\" data-element_type=\"container\">\n\t\t\t\t<div class=\"elementor-element elementor-element-9f807f2 elementor-widget elementor-widget-text-editor\" data-id=\"9f807f2\" data-element_type=\"widget\" data-widget_type=\"text-editor.default\">\n\t\t\t\t<div class=\"elementor-widget-container\">\n\t\t\t\t\t\t\t\t\t<p><strong>utilisation en cure de 3 semaines \u00e0 3 mois <\/strong><\/p>\t\t\t\t\t\t\t\t<\/div>\n\t\t\t\t<\/div>\n\t\t\t\t<div class=\"elementor-element elementor-element-55dbc33 elementor-widget elementor-widget-text-editor\" data-id=\"55dbc33\" data-element_type=\"widget\" data-widget_type=\"text-editor.default\">\n\t\t\t\t<div class=\"elementor-widget-container\">\n\t\t\t\t\t\t\t\t\t<div class=\"page\" title=\"Page 2\"><div class=\"section\"><div class=\"layoutArea\"><div class=\"column\"><p><strong>2 ge\u0301lules le matin avec un verre d\u2019eau<\/strong><\/p><\/div><\/div><\/div><\/div>\t\t\t\t\t\t\t\t<\/div>\n\t\t\t\t<\/div>\n\t\t\t\t<div class=\"elementor-element elementor-element-4a41240 elementor-widget elementor-widget-text-editor\" data-id=\"4a41240\" data-element_type=\"widget\" data-widget_type=\"text-editor.default\">\n\t\t\t\t<div class=\"elementor-widget-container\">\n\t\t\t\t\t\t\t\t\t<p><strong>60 g\u00e9lules par <\/strong><strong>flacon<\/strong><\/p>\t\t\t\t\t\t\t\t<\/div>\n\t\t\t\t<\/div>\n\t\t\t\t<\/div>\n\t\t\t\t<div class=\"elementor-element elementor-element-c6f89b3 elementor-widget-divider--view-line elementor-widget elementor-widget-divider\" data-id=\"c6f89b3\" data-element_type=\"widget\" data-widget_type=\"divider.default\">\n\t\t\t\t<div class=\"elementor-widget-container\">\n\t\t\t\t\t\t\t<div class=\"elementor-divider\">\n\t\t\t<span class=\"elementor-divider-separator\">\n\t\t\t\t\t\t<\/span>\n\t\t<\/div>\n\t\t\t\t\t\t<\/div>\n\t\t\t\t<\/div>\n\t\t\t\t\t<\/div>\n\t\t\t\t<\/div>\n\t\t<div class=\"elementor-element elementor-element-e140fa5 e-flex e-con-boxed e-con e-parent\" data-id=\"e140fa5\" data-element_type=\"container\">\n\t\t\t\t\t<div class=\"e-con-inner\">\n\t\t<div class=\"elementor-element elementor-element-a710ee4 e-con-full e-flex e-con e-child\" data-id=\"a710ee4\" data-element_type=\"container\">\n\t\t\t\t<div class=\"elementor-element elementor-element-5d80579 elementor-widget elementor-widget-heading\" data-id=\"5d80579\" data-element_type=\"widget\" data-widget_type=\"heading.default\">\n\t\t\t\t<div class=\"elementor-widget-container\">\n\t\t\t\t\t<h2 class=\"elementor-heading-title elementor-size-default\">Les bienfaits<\/h2>\t\t\t\t<\/div>\n\t\t\t\t<\/div>\n\t\t\t\t<div class=\"elementor-element elementor-element-24f0cc6 elementor-widget elementor-widget-text-editor\" data-id=\"24f0cc6\" data-element_type=\"widget\" data-widget_type=\"text-editor.default\">\n\t\t\t\t<div class=\"elementor-widget-container\">\n\t\t\t\t\t\t\t\t\t<p class=\"p1\">&#8211; Aide \u00e0 traverser les p\u00e9riodes f\u00e9minines complexes (pr\u00e9 m\u00e9nopause, m\u00e9nopause)<\/p><p class=\"p1\">&#8211; R\u00e9gule la temp\u00e9rature corporelle<\/p><p class=\"p1\">&#8211; R\u00e9duit les bouff\u00e9es de chaleur et sueurs nocturnes<\/p><p class=\"p1\">&#8211; Favorise la vitalit\u00e9 et l&rsquo;\u00e9nergie f\u00e9minine positive<\/p><p class=\"p1\">&#8211; Aide \u00e0 r\u00e9duire le stress et l&rsquo;irritabilit\u00e9<\/p>\t\t\t\t\t\t\t\t<\/div>\n\t\t\t\t<\/div>\n\t\t\t\t<\/div>\n\t\t<div class=\"elementor-element elementor-element-342f04e e-con-full e-flex e-con e-child\" data-id=\"342f04e\" data-element_type=\"container\">\n\t\t\t\t<div class=\"elementor-element elementor-element-755ee25 elementor-widget elementor-widget-heading\" data-id=\"755ee25\" data-element_type=\"widget\" data-widget_type=\"heading.default\">\n\t\t\t\t<div class=\"elementor-widget-container\">\n\t\t\t\t\t<h2 class=\"elementor-heading-title elementor-size-default\">\u00c0 qui s'adresse FOR WOMEN<\/h2>\t\t\t\t<\/div>\n\t\t\t\t<\/div>\n\t\t\t\t<div class=\"elementor-element elementor-element-6e2611b elementor-widget elementor-widget-text-editor\" data-id=\"6e2611b\" data-element_type=\"widget\" data-widget_type=\"text-editor.default\">\n\t\t\t\t<div class=\"elementor-widget-container\">\n\t\t\t\t\t\t\t\t\t<div class=\"page\" title=\"Page 2\"><div class=\"section\"><div class=\"layoutArea\"><div class=\"column\"><p>&#8211; Pour les femmes en pr\u00e9-m\u00e9nopause ou en m\u00e9nopause<\/p><p>&#8211; Pour les femmes qui souhaitent se prot\u00e9ger des x\u00e9noestrog\u00e8nes<span class=\"Apple-converted-space\">\u00a0<\/span><\/p><\/div><\/div><\/div><\/div>\t\t\t\t\t\t\t\t<\/div>\n\t\t\t\t<\/div>\n\t\t\t\t<\/div>\n\t\t\t\t\t<\/div>\n\t\t\t\t<\/div>\n\t\t<div class=\"elementor-element elementor-element-0f32c54 e-flex e-con-boxed e-con e-parent\" data-id=\"0f32c54\" data-element_type=\"container\">\n\t\t\t\t\t<div class=\"e-con-inner\">\n\t\t<div class=\"elementor-element elementor-element-e264890 e-con-full e-flex e-con e-child\" data-id=\"e264890\" data-element_type=\"container\">\n\t\t\t\t<div class=\"elementor-element elementor-element-8f2c6bf elementor-widget elementor-widget-text-editor\" data-id=\"8f2c6bf\" data-element_type=\"widget\" data-widget_type=\"text-editor.default\">\n\t\t\t\t<div class=\"elementor-widget-container\">\n\t\t\t\t\t\t\t\t\t<div class=\"page\" title=\"Page 4\"><div class=\"section\"><div class=\"layoutArea\"><div class=\"column\"><p>Sans aucun additif alimentaire<\/p><\/div><\/div><\/div><\/div>\t\t\t\t\t\t\t\t<\/div>\n\t\t\t\t<\/div>\n\t\t\t\t<\/div>\n\t\t\t\t\t<\/div>\n\t\t\t\t<\/div>\n\t\t\t\t<\/div>\n\t\t","protected":false},"excerpt":{"rendered":"<div class=\"page\" title=\"Page 2\">\n<div class=\"section\">\n<div class=\"layoutArea\">\n<div class=\"column\">\n<p style=\"text-align: left;\"><strong>COMPL\u00c9MENT ALIMENTAIRE \u00c0 BASE\u00a0D\u2019EXTRAITS DE SAUGE, DE BASILIC SACR\u00c9 ET ASHWAGANDHA<\/strong><\/p>\n<p>&nbsp;<\/p>\n<\/div>\n<\/div>\n<\/div>\n<\/div>\n<hr \/>\n<p>&nbsp;<\/p>\n<p style=\"text-align: center;\">Flacon de g\u00e9lules v\u00e9g\u00e9tales 100% vegan<\/p>\n<div class=\"page\" title=\"Page 2\">\n<div class=\"section\">\n<div class=\"layoutArea\">\n<div class=\"column\"><\/div>\n<\/div>\n<\/div>\n<\/div>\n","protected":false},"featured_media":3772,"comment_status":"open","ping_status":"closed","template":"","meta":{"ocean_post_layout":"","ocean_both_sidebars_style":"","ocean_both_sidebars_content_width":0,"ocean_both_sidebars_sidebars_width":0,"ocean_sidebar":"0","ocean_second_sidebar":"0","ocean_disable_margins":"enable","ocean_add_body_class":"","ocean_shortcode_before_top_bar":"","ocean_shortcode_after_top_bar":"","ocean_shortcode_before_header":"","ocean_shortcode_after_header":"","ocean_has_shortcode":"","ocean_shortcode_after_title":"","ocean_shortcode_before_footer_widgets":"","ocean_shortcode_after_footer_widgets":"","ocean_shortcode_before_footer_bottom":"","ocean_shortcode_after_footer_bottom":"","ocean_display_top_bar":"default","ocean_display_header":"default","ocean_header_style":"","ocean_center_header_left_menu":"0","ocean_custom_header_template":"0","ocean_custom_logo":0,"ocean_custom_retina_logo":0,"ocean_custom_logo_max_width":0,"ocean_custom_logo_tablet_max_width":0,"ocean_custom_logo_mobile_max_width":0,"ocean_custom_logo_max_height":0,"ocean_custom_logo_tablet_max_height":0,"ocean_custom_logo_mobile_max_height":0,"ocean_header_custom_menu":"0","ocean_menu_typo_font_family":"0","ocean_menu_typo_font_subset":"","ocean_menu_typo_font_size":0,"ocean_menu_typo_font_size_tablet":0,"ocean_menu_typo_font_size_mobile":0,"ocean_menu_typo_font_size_unit":"px","ocean_menu_typo_font_weight":"","ocean_menu_typo_font_weight_tablet":"","ocean_menu_typo_font_weight_mobile":"","ocean_menu_typo_transform":"","ocean_menu_typo_transform_tablet":"","ocean_menu_typo_transform_mobile":"","ocean_menu_typo_line_height":0,"ocean_menu_typo_line_height_tablet":0,"ocean_menu_typo_line_height_mobile":0,"ocean_menu_typo_line_height_unit":"","ocean_menu_typo_spacing":0,"ocean_menu_typo_spacing_tablet":0,"ocean_menu_typo_spacing_mobile":0,"ocean_menu_typo_spacing_unit":"","ocean_menu_link_color":"","ocean_menu_link_color_hover":"","ocean_menu_link_color_active":"","ocean_menu_link_background":"","ocean_menu_link_hover_background":"","ocean_menu_link_active_background":"","ocean_menu_social_links_bg":"","ocean_menu_social_hover_links_bg":"","ocean_menu_social_links_color":"","ocean_menu_social_hover_links_color":"","ocean_disable_title":"default","ocean_disable_heading":"default","ocean_post_title":"","ocean_post_subheading":"","ocean_post_title_style":"","ocean_post_title_background_color":"","ocean_post_title_background":0,"ocean_post_title_bg_image_position":"","ocean_post_title_bg_image_attachment":"","ocean_post_title_bg_image_repeat":"","ocean_post_title_bg_image_size":"","ocean_post_title_height":0,"ocean_post_title_bg_overlay":0.5,"ocean_post_title_bg_overlay_color":"","ocean_disable_breadcrumbs":"default","ocean_breadcrumbs_color":"","ocean_breadcrumbs_separator_color":"","ocean_breadcrumbs_links_color":"","ocean_breadcrumbs_links_hover_color":"","ocean_display_footer_widgets":"default","ocean_display_footer_bottom":"default","ocean_custom_footer_template":"0","ofc_enable_fullscreen":"disable","ofc_fullscreen_speed":0,"ofc_fullscreen_nav":"enable","ofc_fullscreen_nav_pos":"right","ofc_fullscreen_nav_color":"","ofc_fullscreen_nav_tooltip_color":"","ofc_fullscreen_responsive":0,"osp_disable_panel":"default"},"product_brand":[],"product_cat":[15],"product_tag":[],"class_list":{"0":"post-3771","1":"product","2":"type-product","3":"status-publish","4":"has-post-thumbnail","6":"product_cat-non-classe","7":"tm-no-options","9":"entry","10":"has-media","12":"first","13":"instock","14":"taxable","15":"shipping-taxable","16":"purchasable","17":"product-type-simple","18":"has-product-nav","19":"col","20":"span_1_of_4","21":"owp-content-center","22":"owp-thumbs-layout-horizontal","23":"owp-btn-normal","24":"owp-tabs-layout-horizontal"},"yoast_head":"<!-- This site is optimized with the Yoast SEO plugin v25.0 - https:\/\/yoast.com\/wordpress\/plugins\/seo\/ -->\n<title>FOR WOMEN - Pure Paradise<\/title>\n<meta name=\"robots\" content=\"index, follow, max-snippet:-1, max-image-preview:large, max-video-preview:-1\" \/>\n<link rel=\"canonical\" href=\"https:\/\/pureparadise.fr\/index.php\/produit\/for-women\/\" \/>\n<meta property=\"og:locale\" content=\"fr_FR\" \/>\n<meta property=\"og:type\" content=\"article\" \/>\n<meta property=\"og:title\" content=\"FOR WOMEN - Pure Paradise\" \/>\n<meta property=\"og:description\" content=\"COMPL\u00c9MENT ALIMENTAIRE \u00c0 BASE\u00a0D\u2019EXTRAITS DE SAUGE, DE BASILIC SACR\u00c9 ET ASHWAGANDHA &nbsp;         &nbsp; Flacon de g\u00e9lules v\u00e9g\u00e9tales 100% vegan\" \/>\n<meta property=\"og:url\" content=\"https:\/\/pureparadise.fr\/index.php\/produit\/for-women\/\" \/>\n<meta property=\"og:site_name\" content=\"Pure Paradise\" \/>\n<meta property=\"article:modified_time\" content=\"2025-02-12T10:43:38+00:00\" \/>\n<meta property=\"og:image\" content=\"https:\/\/pureparadise.fr\/wp-content\/uploads\/2025\/01\/PP_FORWOMEN_01.jpg\" \/>\n\t<meta property=\"og:image:width\" content=\"1497\" \/>\n\t<meta property=\"og:image:height\" content=\"1497\" \/>\n\t<meta property=\"og:image:type\" content=\"image\/jpeg\" \/>\n<meta name=\"twitter:card\" content=\"summary_large_image\" \/>\n<script type=\"application\/ld+json\" class=\"yoast-schema-graph\">{\"@context\":\"https:\/\/schema.org\",\"@graph\":[{\"@type\":\"WebPage\",\"@id\":\"https:\/\/pureparadise.fr\/index.php\/produit\/for-women\/\",\"url\":\"https:\/\/pureparadise.fr\/index.php\/produit\/for-women\/\",\"name\":\"FOR WOMEN - Pure Paradise\",\"isPartOf\":{\"@id\":\"https:\/\/pureparadise.fr\/#website\"},\"primaryImageOfPage\":{\"@id\":\"https:\/\/pureparadise.fr\/index.php\/produit\/for-women\/#primaryimage\"},\"image\":{\"@id\":\"https:\/\/pureparadise.fr\/index.php\/produit\/for-women\/#primaryimage\"},\"thumbnailUrl\":\"https:\/\/i0.wp.com\/pureparadise.fr\/wp-content\/uploads\/2025\/01\/PP_FORWOMEN_01.jpg?fit=1497%2C1497&ssl=1\",\"datePublished\":\"2025-01-13T15:26:53+00:00\",\"dateModified\":\"2025-02-12T10:43:38+00:00\",\"breadcrumb\":{\"@id\":\"https:\/\/pureparadise.fr\/index.php\/produit\/for-women\/#breadcrumb\"},\"inLanguage\":\"fr-FR\",\"potentialAction\":[{\"@type\":\"ReadAction\",\"target\":[\"https:\/\/pureparadise.fr\/index.php\/produit\/for-women\/\"]}]},{\"@type\":\"ImageObject\",\"inLanguage\":\"fr-FR\",\"@id\":\"https:\/\/pureparadise.fr\/index.php\/produit\/for-women\/#primaryimage\",\"url\":\"https:\/\/i0.wp.com\/pureparadise.fr\/wp-content\/uploads\/2025\/01\/PP_FORWOMEN_01.jpg?fit=1497%2C1497&ssl=1\",\"contentUrl\":\"https:\/\/i0.wp.com\/pureparadise.fr\/wp-content\/uploads\/2025\/01\/PP_FORWOMEN_01.jpg?fit=1497%2C1497&ssl=1\",\"width\":1497,\"height\":1497,\"caption\":\"FOR WOMEN\"},{\"@type\":\"BreadcrumbList\",\"@id\":\"https:\/\/pureparadise.fr\/index.php\/produit\/for-women\/#breadcrumb\",\"itemListElement\":[{\"@type\":\"ListItem\",\"position\":1,\"name\":\"Accueil\",\"item\":\"https:\/\/pureparadise.fr\/\"},{\"@type\":\"ListItem\",\"position\":2,\"name\":\"Produits\",\"item\":\"https:\/\/pureparadise.fr\/index.php\/boutique\/\"},{\"@type\":\"ListItem\",\"position\":3,\"name\":\"FOR WOMEN\"}]},{\"@type\":\"WebSite\",\"@id\":\"https:\/\/pureparadise.fr\/#website\",\"url\":\"https:\/\/pureparadise.fr\/\",\"name\":\"Pureparadise\",\"description\":\"D\u00e9couvrez votre alli\u00e9 pour vous reconnecter. Des produits con\u00e7us pour am\u00e9liorer l&#039;humeur, l&#039;\u00e9nergie et la s\u00e9r\u00e9nit\u00e9.\",\"publisher\":{\"@id\":\"https:\/\/pureparadise.fr\/#organization\"},\"potentialAction\":[{\"@type\":\"SearchAction\",\"target\":{\"@type\":\"EntryPoint\",\"urlTemplate\":\"https:\/\/pureparadise.fr\/?s={search_term_string}\"},\"query-input\":{\"@type\":\"PropertyValueSpecification\",\"valueRequired\":true,\"valueName\":\"search_term_string\"}}],\"inLanguage\":\"fr-FR\"},{\"@type\":\"Organization\",\"@id\":\"https:\/\/pureparadise.fr\/#organization\",\"name\":\"Pureparadise\",\"url\":\"https:\/\/pureparadise.fr\/\",\"logo\":{\"@type\":\"ImageObject\",\"inLanguage\":\"fr-FR\",\"@id\":\"https:\/\/pureparadise.fr\/#\/schema\/logo\/image\/\",\"url\":\"https:\/\/i0.wp.com\/pureparadise.fr\/wp-content\/uploads\/2024\/05\/NEW-PP-LOGO.jpg?fit=2084%2C2084&ssl=1\",\"contentUrl\":\"https:\/\/i0.wp.com\/pureparadise.fr\/wp-content\/uploads\/2024\/05\/NEW-PP-LOGO.jpg?fit=2084%2C2084&ssl=1\",\"width\":2084,\"height\":2084,\"caption\":\"Pureparadise\"},\"image\":{\"@id\":\"https:\/\/pureparadise.fr\/#\/schema\/logo\/image\/\"},\"sameAs\":[\"https:\/\/www.instagram.com\/pure_paradise_official\/\"]}]}<\/script>\n<!-- \/ Yoast SEO plugin. -->","yoast_head_json":{"title":"FOR WOMEN - Pure Paradise","robots":{"index":"index","follow":"follow","max-snippet":"max-snippet:-1","max-image-preview":"max-image-preview:large","max-video-preview":"max-video-preview:-1"},"canonical":"https:\/\/pureparadise.fr\/index.php\/produit\/for-women\/","og_locale":"fr_FR","og_type":"article","og_title":"FOR WOMEN - Pure Paradise","og_description":"COMPL\u00c9MENT ALIMENTAIRE \u00c0 BASE\u00a0D\u2019EXTRAITS DE SAUGE, DE BASILIC SACR\u00c9 ET ASHWAGANDHA &nbsp;         &nbsp; Flacon de g\u00e9lules v\u00e9g\u00e9tales 100% vegan","og_url":"https:\/\/pureparadise.fr\/index.php\/produit\/for-women\/","og_site_name":"Pure Paradise","article_modified_time":"2025-02-12T10:43:38+00:00","og_image":[{"width":1497,"height":1497,"url":"https:\/\/pureparadise.fr\/wp-content\/uploads\/2025\/01\/PP_FORWOMEN_01.jpg","type":"image\/jpeg"}],"twitter_card":"summary_large_image","schema":{"@context":"https:\/\/schema.org","@graph":[{"@type":"WebPage","@id":"https:\/\/pureparadise.fr\/index.php\/produit\/for-women\/","url":"https:\/\/pureparadise.fr\/index.php\/produit\/for-women\/","name":"FOR WOMEN - Pure Paradise","isPartOf":{"@id":"https:\/\/pureparadise.fr\/#website"},"primaryImageOfPage":{"@id":"https:\/\/pureparadise.fr\/index.php\/produit\/for-women\/#primaryimage"},"image":{"@id":"https:\/\/pureparadise.fr\/index.php\/produit\/for-women\/#primaryimage"},"thumbnailUrl":"https:\/\/i0.wp.com\/pureparadise.fr\/wp-content\/uploads\/2025\/01\/PP_FORWOMEN_01.jpg?fit=1497%2C1497&ssl=1","datePublished":"2025-01-13T15:26:53+00:00","dateModified":"2025-02-12T10:43:38+00:00","breadcrumb":{"@id":"https:\/\/pureparadise.fr\/index.php\/produit\/for-women\/#breadcrumb"},"inLanguage":"fr-FR","potentialAction":[{"@type":"ReadAction","target":["https:\/\/pureparadise.fr\/index.php\/produit\/for-women\/"]}]},{"@type":"ImageObject","inLanguage":"fr-FR","@id":"https:\/\/pureparadise.fr\/index.php\/produit\/for-women\/#primaryimage","url":"https:\/\/i0.wp.com\/pureparadise.fr\/wp-content\/uploads\/2025\/01\/PP_FORWOMEN_01.jpg?fit=1497%2C1497&ssl=1","contentUrl":"https:\/\/i0.wp.com\/pureparadise.fr\/wp-content\/uploads\/2025\/01\/PP_FORWOMEN_01.jpg?fit=1497%2C1497&ssl=1","width":1497,"height":1497,"caption":"FOR WOMEN"},{"@type":"BreadcrumbList","@id":"https:\/\/pureparadise.fr\/index.php\/produit\/for-women\/#breadcrumb","itemListElement":[{"@type":"ListItem","position":1,"name":"Accueil","item":"https:\/\/pureparadise.fr\/"},{"@type":"ListItem","position":2,"name":"Produits","item":"https:\/\/pureparadise.fr\/index.php\/boutique\/"},{"@type":"ListItem","position":3,"name":"FOR WOMEN"}]},{"@type":"WebSite","@id":"https:\/\/pureparadise.fr\/#website","url":"https:\/\/pureparadise.fr\/","name":"Pureparadise","description":"D\u00e9couvrez votre alli\u00e9 pour vous reconnecter. Des produits con\u00e7us pour am\u00e9liorer l&#039;humeur, l&#039;\u00e9nergie et la s\u00e9r\u00e9nit\u00e9.","publisher":{"@id":"https:\/\/pureparadise.fr\/#organization"},"potentialAction":[{"@type":"SearchAction","target":{"@type":"EntryPoint","urlTemplate":"https:\/\/pureparadise.fr\/?s={search_term_string}"},"query-input":{"@type":"PropertyValueSpecification","valueRequired":true,"valueName":"search_term_string"}}],"inLanguage":"fr-FR"},{"@type":"Organization","@id":"https:\/\/pureparadise.fr\/#organization","name":"Pureparadise","url":"https:\/\/pureparadise.fr\/","logo":{"@type":"ImageObject","inLanguage":"fr-FR","@id":"https:\/\/pureparadise.fr\/#\/schema\/logo\/image\/","url":"https:\/\/i0.wp.com\/pureparadise.fr\/wp-content\/uploads\/2024\/05\/NEW-PP-LOGO.jpg?fit=2084%2C2084&ssl=1","contentUrl":"https:\/\/i0.wp.com\/pureparadise.fr\/wp-content\/uploads\/2024\/05\/NEW-PP-LOGO.jpg?fit=2084%2C2084&ssl=1","width":2084,"height":2084,"caption":"Pureparadise"},"image":{"@id":"https:\/\/pureparadise.fr\/#\/schema\/logo\/image\/"},"sameAs":["https:\/\/www.instagram.com\/pure_paradise_official\/"]}]}},"jetpack_sharing_enabled":true,"_links":{"self":[{"href":"https:\/\/pureparadise.fr\/index.php\/wp-json\/wp\/v2\/product\/3771","targetHints":{"allow":["GET"]}}],"collection":[{"href":"https:\/\/pureparadise.fr\/index.php\/wp-json\/wp\/v2\/product"}],"about":[{"href":"https:\/\/pureparadise.fr\/index.php\/wp-json\/wp\/v2\/types\/product"}],"replies":[{"embeddable":true,"href":"https:\/\/pureparadise.fr\/index.php\/wp-json\/wp\/v2\/comments?post=3771"}],"version-history":[{"count":18,"href":"https:\/\/pureparadise.fr\/index.php\/wp-json\/wp\/v2\/product\/3771\/revisions"}],"predecessor-version":[{"id":4340,"href":"https:\/\/pureparadise.fr\/index.php\/wp-json\/wp\/v2\/product\/3771\/revisions\/4340"}],"wp:featuredmedia":[{"embeddable":true,"href":"https:\/\/pureparadise.fr\/index.php\/wp-json\/wp\/v2\/media\/3772"}],"wp:attachment":[{"href":"https:\/\/pureparadise.fr\/index.php\/wp-json\/wp\/v2\/media?parent=3771"}],"wp:term":[{"taxonomy":"product_brand","embeddable":true,"href":"https:\/\/pureparadise.fr\/index.php\/wp-json\/wp\/v2\/product_brand?post=3771"},{"taxonomy":"product_cat","embeddable":true,"href":"https:\/\/pureparadise.fr\/index.php\/wp-json\/wp\/v2\/product_cat?post=3771"},{"taxonomy":"product_tag","embeddable":true,"href":"https:\/\/pureparadise.fr\/index.php\/wp-json\/wp\/v2\/product_tag?post=3771"}],"curies":[{"name":"wp","href":"https:\/\/api.w.org\/{rel}","templated":true}]}}